{"id":4976,"date":"2024-05-09T09:56:34","date_gmt":"2024-05-09T09:09:50","guid":{"rendered":"https:\/\/nataliecapell.com\/?post_type=product&#038;p=4976"},"modified":"2024-07-23T15:46:00","modified_gmt":"2024-07-23T15:46:00","slug":"whisper-no-115n","status":"publish","type":"product","link":"https:\/\/nataliecapell.com\/es\/producto\/whisper-no-115n\/","title":{"rendered":"Whisper <em>no<\/em>. 115N"},"content":{"rendered":"","protected":false},"excerpt":{"rendered":"<p>Blusa de tul artesanal con forma de murci\u00e9lago realizada en una sola pieza, tiene un cuello redondo y mangas largas con un pu\u00f1o ajustado de tul de seda.<\/p>\n<p>El cuello y el dobladillo est\u00e1n cuidadosamente acabados a mano.<\/p>\n<p>El bordado artesanal parece una joya que combina delicadas trazas envolventes y elementos florales con un aire de la Belle \u00c9poque. Est\u00e1 adornado con una peque\u00f1a flor de seda hecha y pintada a mano y una pieza de cuarzo verde que cuelga y se mueve delicadamente, brindando armon\u00eda y prosperidad.<\/p>\n<p>El tul flexible y especial de mis piezas, junto con la amplitud de este dise\u00f1o, se adapta perfectamente a diferentes siluetas y tallas al ser una talla \u00fanica.<\/p>\n<p>Esta hermosa blusa bordada de tul se puede combinar con un vestido interior confeccionado en mi atelier con cuatro capas: dos de punto y dos de tul. Ligero, flexible y con una silueta vaporosa y rom\u00e1ntica, junto con mi cintur\u00f3n de seda.<\/p>\n<p>Debido a su elaboraci\u00f3n artesanal, cada pieza es \u00fanica y lleva consigo un n\u00famero de serie, reflejando la dedicaci\u00f3n y el tiempo invertidos en su creaci\u00f3n. Los bordados, meticulosamente elaborados, pueden variar sutilmente de un vestido a otro, otorg\u00e1ndoles su propia esencia distintiva y alma.<\/p>\n<p>Estoy aqu\u00ed para ti en cada paso del proceso, con paciencia y dedicaci\u00f3n. Si\u00e9ntete libre de contactarme.<\/p>\n<p>Natalie<\/p>\n","protected":false},"featured_media":4966,"template":"","meta":{"_acf_changed":false,"site-sidebar-layout":"default","site-content-layout":"","ast-site-content-layout":"default","site-content-style":"default","site-sidebar-style":"default","ast-global-header-display":"","ast-banner-title-visibility":"","ast-main-header-display":"","ast-hfb-above-header-display":"","ast-hfb-below-header-display":"","ast-hfb-mobile-header-display":"","site-post-title":"","ast-breadcrumbs-content":"","ast-featured-img":"","footer-sml-layout":"","ast-disable-related-posts":"","theme-transparent-header-meta":"default","adv-header-id-meta":"","stick-header-meta":"","header-above-stick-meta":"","header-main-stick-meta":"","header-below-stick-meta":"","astra-migrate-meta-layouts":"set","ast-page-background-enabled":"default","ast-page-background-meta":{"desktop":{"background-color":"var(--ast-global-color-4)","background-image":"","background-repeat":"repeat","background-position":"center center","background-size":"auto","background-attachment":"scroll","background-type":"","background-media":"","overlay-type":"","overlay-color":"","overlay-opacity":"","overlay-gradient":""},"tablet":{"background-color":"","background-image":"","background-repeat":"repeat","background-position":"center center","background-size":"auto","background-attachment":"scroll","background-type":"","background-media":"","overlay-type":"","overlay-color":"","overlay-opacity":"","overlay-gradient":""},"mobile":{"background-color":"","background-image":"","background-repeat":"repeat","background-position":"center center","background-size":"auto","background-attachment":"scroll","background-type":"","background-media":"","overlay-type":"","overlay-color":"","overlay-opacity":"","overlay-gradient":""}},"ast-content-background-meta":{"desktop":{"background-color":"var(--ast-global-color-5)","background-image":"","background-repeat":"repeat","background-position":"center center","background-size":"auto","background-attachment":"scroll","background-type":"","background-media":"","overlay-type":"","overlay-color":"","overlay-opacity":"","overlay-gradient":""},"tablet":{"background-color":"var(--ast-global-color-5)","background-image":"","background-repeat":"repeat","background-position":"center center","background-size":"auto","background-attachment":"scroll","background-type":"","background-media":"","overlay-type":"","overlay-color":"","overlay-opacity":"","overlay-gradient":""},"mobile":{"background-color":"var(--ast-global-color-5)","background-image":"","background-repeat":"repeat","background-position":"center center","background-size":"auto","background-attachment":"scroll","background-type":"","background-media":"","overlay-type":"","overlay-color":"","overlay-opacity":"","overlay-gradient":""}}},"product_brand":[],"product_cat":[141,128],"product_tag":[],"class_list":{"0":"post-4976","1":"product","2":"type-product","3":"status-publish","4":"has-post-thumbnail","6":"product_cat-todos","7":"product_cat-vestidos-novia","8":"desktop-align-center","9":"tablet-align-left","10":"mobile-align-left","12":"first","13":"instock","14":"shipping-taxable","15":"purchasable","16":"product-type-simple"},"acf":[],"yoast_head":"<!-- This site is optimized with the Yoast SEO plugin v27.3 - https:\/\/yoast.com\/product\/yoast-seo-wordpress\/ -->\n<title>-<\/title>\n<meta name=\"robots\" content=\"index, follow, max-snippet:-1, max-image-preview:large, max-video-preview:-1\" \/>\n<link rel=\"canonical\" href=\"https:\/\/nataliecapell.com\/es\/producto\/whisper-no-115n\/\" \/>\n<meta property=\"og:locale\" content=\"es_ES\" \/>\n<meta property=\"og:type\" content=\"article\" \/>\n<meta property=\"og:title\" content=\"-\" \/>\n<meta property=\"og:description\" content=\"Blusa de tul artesanal con forma de murci\u00e9lago realizada en una sola pieza, tiene un cuello redondo y mangas largas con un pu\u00f1o ajustado de tul de seda.  El cuello y el dobladillo est\u00e1n cuidadosamente acabados a mano.  El bordado artesanal parece una joya que combina delicadas trazas envolventes y elementos florales con un aire de la Belle \u00c9poque. Est\u00e1 adornado con una peque\u00f1a flor de seda hecha y pintada a mano y una pieza de cuarzo verde que cuelga y se mueve delicadamente, brindando armon\u00eda y prosperidad.   El tul flexible y especial de mis piezas, junto con la amplitud de este dise\u00f1o, se adapta perfectamente a diferentes siluetas y tallas al ser una talla \u00fanica.   Esta hermosa blusa bordada de tul se puede combinar con un vestido interior confeccionado en mi atelier con cuatro capas: dos de punto y dos de tul. Ligero, flexible y con una silueta vaporosa y rom\u00e1ntica, junto con mi cintur\u00f3n de seda.   Debido a su elaboraci\u00f3n artesanal, cada pieza es \u00fanica y lleva consigo un n\u00famero de serie, reflejando la dedicaci\u00f3n y el tiempo invertidos en su creaci\u00f3n. Los bordados, meticulosamente elaborados, pueden variar sutilmente de un vestido a otro, otorg\u00e1ndoles su propia esencia distintiva y alma.   Estoy aqu\u00ed para ti en cada paso del proceso, con paciencia y dedicaci\u00f3n. Si\u00e9ntete libre de contactarme.   Natalie\" \/>\n<meta property=\"og:url\" content=\"https:\/\/nataliecapell.com\/es\/producto\/whisper-no-115n\/\" \/>\n<meta property=\"og:site_name\" content=\"Natalie Capell\" \/>\n<meta property=\"article:modified_time\" content=\"2024-07-23T15:46:00+00:00\" \/>\n<meta property=\"og:image\" content=\"https:\/\/nataliecapell.com\/wp-content\/uploads\/2024\/05\/W115N-1-scaled.jpg\" \/>\n\t<meta property=\"og:image:width\" content=\"1707\" \/>\n\t<meta property=\"og:image:height\" content=\"2560\" \/>\n\t<meta property=\"og:image:type\" content=\"image\/jpeg\" \/>\n<meta name=\"twitter:card\" content=\"summary_large_image\" \/>\n<meta name=\"twitter:label1\" content=\"Tiempo de lectura\" \/>\n\t<meta name=\"twitter:data1\" content=\"1 minuto\" \/>\n<script type=\"application\/ld+json\" class=\"yoast-schema-graph\">{\"@context\":\"https:\\\/\\\/schema.org\",\"@graph\":[{\"@type\":\"WebPage\",\"@id\":\"https:\\\/\\\/nataliecapell.com\\\/es\\\/producto\\\/whisper-no-115n\\\/\",\"url\":\"https:\\\/\\\/nataliecapell.com\\\/es\\\/producto\\\/whisper-no-115n\\\/\",\"name\":\"-\",\"isPartOf\":{\"@id\":\"https:\\\/\\\/nataliecapell.com\\\/#website\"},\"primaryImageOfPage\":{\"@id\":\"https:\\\/\\\/nataliecapell.com\\\/es\\\/producto\\\/whisper-no-115n\\\/#primaryimage\"},\"image\":{\"@id\":\"https:\\\/\\\/nataliecapell.com\\\/es\\\/producto\\\/whisper-no-115n\\\/#primaryimage\"},\"thumbnailUrl\":\"https:\\\/\\\/nataliecapell.com\\\/wp-content\\\/uploads\\\/2024\\\/05\\\/W115N-1-scaled.jpg\",\"datePublished\":\"2024-05-09T09:09:50+00:00\",\"dateModified\":\"2024-07-23T15:46:00+00:00\",\"breadcrumb\":{\"@id\":\"https:\\\/\\\/nataliecapell.com\\\/es\\\/producto\\\/whisper-no-115n\\\/#breadcrumb\"},\"inLanguage\":\"es\",\"potentialAction\":[{\"@type\":\"ReadAction\",\"target\":[\"https:\\\/\\\/nataliecapell.com\\\/es\\\/producto\\\/whisper-no-115n\\\/\"]}]},{\"@type\":\"ImageObject\",\"inLanguage\":\"es\",\"@id\":\"https:\\\/\\\/nataliecapell.com\\\/es\\\/producto\\\/whisper-no-115n\\\/#primaryimage\",\"url\":\"https:\\\/\\\/nataliecapell.com\\\/wp-content\\\/uploads\\\/2024\\\/05\\\/W115N-1-scaled.jpg\",\"contentUrl\":\"https:\\\/\\\/nataliecapell.com\\\/wp-content\\\/uploads\\\/2024\\\/05\\\/W115N-1-scaled.jpg\",\"width\":1707,\"height\":2560},{\"@type\":\"BreadcrumbList\",\"@id\":\"https:\\\/\\\/nataliecapell.com\\\/es\\\/producto\\\/whisper-no-115n\\\/#breadcrumb\",\"itemListElement\":[{\"@type\":\"ListItem\",\"position\":1,\"name\":\"Portada\",\"item\":\"https:\\\/\\\/nataliecapell.com\\\/es\\\/\"},{\"@type\":\"ListItem\",\"position\":2,\"name\":\"Boutique\",\"item\":\"https:\\\/\\\/nataliecapell.com\\\/es\\\/tienda\\\/\"},{\"@type\":\"ListItem\",\"position\":3,\"name\":\"Whisper no. 115N\"}]},{\"@type\":\"WebSite\",\"@id\":\"https:\\\/\\\/nataliecapell.com\\\/#website\",\"url\":\"https:\\\/\\\/nataliecapell.com\\\/\",\"name\":\"Natalie Capell\",\"description\":\"\",\"publisher\":{\"@id\":\"https:\\\/\\\/nataliecapell.com\\\/#organization\"},\"potentialAction\":[{\"@type\":\"SearchAction\",\"target\":{\"@type\":\"EntryPoint\",\"urlTemplate\":\"https:\\\/\\\/nataliecapell.com\\\/?s={search_term_string}\"},\"query-input\":{\"@type\":\"PropertyValueSpecification\",\"valueRequired\":true,\"valueName\":\"search_term_string\"}}],\"inLanguage\":\"es\"},{\"@type\":\"Organization\",\"@id\":\"https:\\\/\\\/nataliecapell.com\\\/#organization\",\"name\":\"Natalie Capell\",\"url\":\"https:\\\/\\\/nataliecapell.com\\\/\",\"logo\":{\"@type\":\"ImageObject\",\"inLanguage\":\"es\",\"@id\":\"https:\\\/\\\/nataliecapell.com\\\/#\\\/schema\\\/logo\\\/image\\\/\",\"url\":\"https:\\\/\\\/nataliecapell.com\\\/wp-content\\\/uploads\\\/2023\\\/12\\\/Captura-de-pantalla-2023-12-14-a-las-23.28.13-1-e1707819988835.png\",\"contentUrl\":\"https:\\\/\\\/nataliecapell.com\\\/wp-content\\\/uploads\\\/2023\\\/12\\\/Captura-de-pantalla-2023-12-14-a-las-23.28.13-1-e1707819988835.png\",\"width\":552,\"height\":107,\"caption\":\"Natalie Capell\"},\"image\":{\"@id\":\"https:\\\/\\\/nataliecapell.com\\\/#\\\/schema\\\/logo\\\/image\\\/\"}}]}<\/script>\n<!-- \/ Yoast SEO plugin. -->","yoast_head_json":{"title":"-","robots":{"index":"index","follow":"follow","max-snippet":"max-snippet:-1","max-image-preview":"max-image-preview:large","max-video-preview":"max-video-preview:-1"},"canonical":"https:\/\/nataliecapell.com\/es\/producto\/whisper-no-115n\/","og_locale":"es_ES","og_type":"article","og_title":"-","og_description":"Blusa de tul artesanal con forma de murci\u00e9lago realizada en una sola pieza, tiene un cuello redondo y mangas largas con un pu\u00f1o ajustado de tul de seda.  El cuello y el dobladillo est\u00e1n cuidadosamente acabados a mano.  El bordado artesanal parece una joya que combina delicadas trazas envolventes y elementos florales con un aire de la Belle \u00c9poque. Est\u00e1 adornado con una peque\u00f1a flor de seda hecha y pintada a mano y una pieza de cuarzo verde que cuelga y se mueve delicadamente, brindando armon\u00eda y prosperidad.   El tul flexible y especial de mis piezas, junto con la amplitud de este dise\u00f1o, se adapta perfectamente a diferentes siluetas y tallas al ser una talla \u00fanica.   Esta hermosa blusa bordada de tul se puede combinar con un vestido interior confeccionado en mi atelier con cuatro capas: dos de punto y dos de tul. Ligero, flexible y con una silueta vaporosa y rom\u00e1ntica, junto con mi cintur\u00f3n de seda.   Debido a su elaboraci\u00f3n artesanal, cada pieza es \u00fanica y lleva consigo un n\u00famero de serie, reflejando la dedicaci\u00f3n y el tiempo invertidos en su creaci\u00f3n. Los bordados, meticulosamente elaborados, pueden variar sutilmente de un vestido a otro, otorg\u00e1ndoles su propia esencia distintiva y alma.   Estoy aqu\u00ed para ti en cada paso del proceso, con paciencia y dedicaci\u00f3n. Si\u00e9ntete libre de contactarme.   Natalie","og_url":"https:\/\/nataliecapell.com\/es\/producto\/whisper-no-115n\/","og_site_name":"Natalie Capell","article_modified_time":"2024-07-23T15:46:00+00:00","og_image":[{"width":1707,"height":2560,"url":"https:\/\/nataliecapell.com\/wp-content\/uploads\/2024\/05\/W115N-1-scaled.jpg","type":"image\/jpeg"}],"twitter_card":"summary_large_image","twitter_misc":{"Tiempo de lectura":"1 minuto"},"schema":{"@context":"https:\/\/schema.org","@graph":[{"@type":"WebPage","@id":"https:\/\/nataliecapell.com\/es\/producto\/whisper-no-115n\/","url":"https:\/\/nataliecapell.com\/es\/producto\/whisper-no-115n\/","name":"-","isPartOf":{"@id":"https:\/\/nataliecapell.com\/#website"},"primaryImageOfPage":{"@id":"https:\/\/nataliecapell.com\/es\/producto\/whisper-no-115n\/#primaryimage"},"image":{"@id":"https:\/\/nataliecapell.com\/es\/producto\/whisper-no-115n\/#primaryimage"},"thumbnailUrl":"https:\/\/nataliecapell.com\/wp-content\/uploads\/2024\/05\/W115N-1-scaled.jpg","datePublished":"2024-05-09T09:09:50+00:00","dateModified":"2024-07-23T15:46:00+00:00","breadcrumb":{"@id":"https:\/\/nataliecapell.com\/es\/producto\/whisper-no-115n\/#breadcrumb"},"inLanguage":"es","potentialAction":[{"@type":"ReadAction","target":["https:\/\/nataliecapell.com\/es\/producto\/whisper-no-115n\/"]}]},{"@type":"ImageObject","inLanguage":"es","@id":"https:\/\/nataliecapell.com\/es\/producto\/whisper-no-115n\/#primaryimage","url":"https:\/\/nataliecapell.com\/wp-content\/uploads\/2024\/05\/W115N-1-scaled.jpg","contentUrl":"https:\/\/nataliecapell.com\/wp-content\/uploads\/2024\/05\/W115N-1-scaled.jpg","width":1707,"height":2560},{"@type":"BreadcrumbList","@id":"https:\/\/nataliecapell.com\/es\/producto\/whisper-no-115n\/#breadcrumb","itemListElement":[{"@type":"ListItem","position":1,"name":"Portada","item":"https:\/\/nataliecapell.com\/es\/"},{"@type":"ListItem","position":2,"name":"Boutique","item":"https:\/\/nataliecapell.com\/es\/tienda\/"},{"@type":"ListItem","position":3,"name":"Whisper no. 115N"}]},{"@type":"WebSite","@id":"https:\/\/nataliecapell.com\/#website","url":"https:\/\/nataliecapell.com\/","name":"Natalie Capell","description":"","publisher":{"@id":"https:\/\/nataliecapell.com\/#organization"},"potentialAction":[{"@type":"SearchAction","target":{"@type":"EntryPoint","urlTemplate":"https:\/\/nataliecapell.com\/?s={search_term_string}"},"query-input":{"@type":"PropertyValueSpecification","valueRequired":true,"valueName":"search_term_string"}}],"inLanguage":"es"},{"@type":"Organization","@id":"https:\/\/nataliecapell.com\/#organization","name":"Natalie Capell","url":"https:\/\/nataliecapell.com\/","logo":{"@type":"ImageObject","inLanguage":"es","@id":"https:\/\/nataliecapell.com\/#\/schema\/logo\/image\/","url":"https:\/\/nataliecapell.com\/wp-content\/uploads\/2023\/12\/Captura-de-pantalla-2023-12-14-a-las-23.28.13-1-e1707819988835.png","contentUrl":"https:\/\/nataliecapell.com\/wp-content\/uploads\/2023\/12\/Captura-de-pantalla-2023-12-14-a-las-23.28.13-1-e1707819988835.png","width":552,"height":107,"caption":"Natalie Capell"},"image":{"@id":"https:\/\/nataliecapell.com\/#\/schema\/logo\/image\/"}}]}},"_links":{"self":[{"href":"https:\/\/nataliecapell.com\/es\/wp-json\/wp\/v2\/product\/4976","targetHints":{"allow":["GET"]}}],"collection":[{"href":"https:\/\/nataliecapell.com\/es\/wp-json\/wp\/v2\/product"}],"about":[{"href":"https:\/\/nataliecapell.com\/es\/wp-json\/wp\/v2\/types\/product"}],"wp:featuredmedia":[{"embeddable":true,"href":"https:\/\/nataliecapell.com\/es\/wp-json\/wp\/v2\/media\/4966"}],"wp:attachment":[{"href":"https:\/\/nataliecapell.com\/es\/wp-json\/wp\/v2\/media?parent=4976"}],"wp:term":[{"taxonomy":"product_brand","embeddable":true,"href":"https:\/\/nataliecapell.com\/es\/wp-json\/wp\/v2\/product_brand?post=4976"},{"taxonomy":"product_cat","embeddable":true,"href":"https:\/\/nataliecapell.com\/es\/wp-json\/wp\/v2\/product_cat?post=4976"},{"taxonomy":"product_tag","embeddable":true,"href":"https:\/\/nataliecapell.com\/es\/wp-json\/wp\/v2\/product_tag?post=4976"}],"curies":[{"name":"wp","href":"https:\/\/api.w.org\/{rel}","templated":true}]}}