{"id":4918,"date":"2024-05-08T14:29:09","date_gmt":"2024-05-08T14:43:25","guid":{"rendered":"https:\/\/nataliecapell.com\/?post_type=product&#038;p=4918"},"modified":"2024-07-23T15:47:01","modified_gmt":"2024-07-23T15:47:01","slug":"whisper-no-110","status":"publish","type":"product","link":"https:\/\/nataliecapell.com\/es\/producto\/whisper-no-110\/","title":{"rendered":"Whisper <em>no<\/em>. 110"},"content":{"rendered":"","protected":false},"excerpt":{"rendered":"<p>Esta creaci\u00f3n es un vestido de novia de tul de seda elaborado a mano tiene de cuello alto que se cierra en la espalda<br \/>\nLo podr\u00eda confecionar con mangas largas bordadas o mangas cortas, seg\u00fan tu preferencia.<\/p>\n<p>El bordado, como una joya de detalles finos y delicados trazos, con elementos florales esta hecho meticulosamente a mano con hilo de seda en mi atelier.<br \/>\nEn el centro de la composici\u00f3n del collar coloque una peque\u00f1a flor de seda hecha y pintada a mano.<\/p>\n<p>El cierre en la espalda es una obra elaborada a mano, con ojales de seda hechos a mano que se abotonan con ocho minerales de cuarzo verde que brinda armon\u00eda y renovaci\u00f3n.<\/p>\n<p>Este sutil transparente vestido de tul de seda incluye un vestido interior que es una obra en s\u00ed mismo, confeccionado en mi atelier con cuatro capas: dos de punto y dos de tul. Ligero, flexible y con una silueta vaporosa y rom\u00e1ntica<\/p>\n<p>Cada una de mis creaciones es \u00fanica y lleva consigo un n\u00famero de serie, lo que garantiza su exclusividad. Debido al proceso artesanal, los bordados pueden variar de forma sutil de un vestido a otro, a\u00f1adiendo un toque de singularidad a cada pieza.<\/p>\n<p>Estoy aqu\u00ed para ti en cada paso del proceso, con paciencia y presencia.<br \/>\nSiente libre a contactarme<\/p>\n<p>Natalie<\/p>\n","protected":false},"featured_media":1386,"template":"","meta":{"_acf_changed":false,"site-sidebar-layout":"default","site-content-layout":"","ast-site-content-layout":"default","site-content-style":"default","site-sidebar-style":"default","ast-global-header-display":"","ast-banner-title-visibility":"","ast-main-header-display":"","ast-hfb-above-header-display":"","ast-hfb-below-header-display":"","ast-hfb-mobile-header-display":"","site-post-title":"","ast-breadcrumbs-content":"","ast-featured-img":"","footer-sml-layout":"","ast-disable-related-posts":"","theme-transparent-header-meta":"default","adv-header-id-meta":"","stick-header-meta":"","header-above-stick-meta":"","header-main-stick-meta":"","header-below-stick-meta":"","astra-migrate-meta-layouts":"set","ast-page-background-enabled":"default","ast-page-background-meta":{"desktop":{"background-color":"var(--ast-global-color-4)","background-image":"","background-repeat":"repeat","background-position":"center center","background-size":"auto","background-attachment":"scroll","background-type":"","background-media":"","overlay-type":"","overlay-color":"","overlay-opacity":"","overlay-gradient":""},"tablet":{"background-color":"","background-image":"","background-repeat":"repeat","background-position":"center center","background-size":"auto","background-attachment":"scroll","background-type":"","background-media":"","overlay-type":"","overlay-color":"","overlay-opacity":"","overlay-gradient":""},"mobile":{"background-color":"","background-image":"","background-repeat":"repeat","background-position":"center center","background-size":"auto","background-attachment":"scroll","background-type":"","background-media":"","overlay-type":"","overlay-color":"","overlay-opacity":"","overlay-gradient":""}},"ast-content-background-meta":{"desktop":{"background-color":"var(--ast-global-color-5)","background-image":"","background-repeat":"repeat","background-position":"center center","background-size":"auto","background-attachment":"scroll","background-type":"","background-media":"","overlay-type":"","overlay-color":"","overlay-opacity":"","overlay-gradient":""},"tablet":{"background-color":"var(--ast-global-color-5)","background-image":"","background-repeat":"repeat","background-position":"center center","background-size":"auto","background-attachment":"scroll","background-type":"","background-media":"","overlay-type":"","overlay-color":"","overlay-opacity":"","overlay-gradient":""},"mobile":{"background-color":"var(--ast-global-color-5)","background-image":"","background-repeat":"repeat","background-position":"center center","background-size":"auto","background-attachment":"scroll","background-type":"","background-media":"","overlay-type":"","overlay-color":"","overlay-opacity":"","overlay-gradient":""}}},"product_brand":[],"product_cat":[141,128],"product_tag":[],"class_list":{"0":"post-4918","1":"product","2":"type-product","3":"status-publish","4":"has-post-thumbnail","6":"product_cat-todos","7":"product_cat-vestidos-novia","8":"desktop-align-center","9":"tablet-align-left","10":"mobile-align-left","12":"first","13":"instock","14":"shipping-taxable","15":"purchasable","16":"product-type-simple"},"acf":[],"yoast_head":"<!-- This site is optimized with the Yoast SEO plugin v27.3 - https:\/\/yoast.com\/product\/yoast-seo-wordpress\/ -->\n<title>-<\/title>\n<meta name=\"robots\" content=\"index, follow, max-snippet:-1, max-image-preview:large, max-video-preview:-1\" \/>\n<link rel=\"canonical\" href=\"https:\/\/nataliecapell.com\/es\/producto\/whisper-no-110\/\" \/>\n<meta property=\"og:locale\" content=\"es_ES\" \/>\n<meta property=\"og:type\" content=\"article\" \/>\n<meta property=\"og:title\" content=\"-\" \/>\n<meta property=\"og:description\" content=\"Esta creaci\u00f3n es un vestido de novia de tul de seda elaborado a mano tiene de cuello alto que se cierra en la espalda Lo podr\u00eda confecionar con mangas largas bordadas o mangas cortas, seg\u00fan tu preferencia.  El bordado, como una joya de detalles finos y delicados trazos, con elementos florales esta hecho meticulosamente a mano con hilo de seda en mi atelier. En el centro de la composici\u00f3n del collar coloque una peque\u00f1a flor de seda hecha y pintada a mano.  El cierre en la espalda es una obra elaborada a mano, con ojales de seda hechos a mano que se abotonan con ocho minerales de cuarzo verde que brinda armon\u00eda y renovaci\u00f3n.  Este sutil transparente vestido de tul de seda incluye un vestido interior que es una obra en s\u00ed mismo, confeccionado en mi atelier con cuatro capas: dos de punto y dos de tul. Ligero, flexible y con una silueta vaporosa y rom\u00e1ntica  Cada una de mis creaciones es \u00fanica y lleva consigo un n\u00famero de serie, lo que garantiza su exclusividad. Debido al proceso artesanal, los bordados pueden variar de forma sutil de un vestido a otro, a\u00f1adiendo un toque de singularidad a cada pieza.  Estoy aqu\u00ed para ti en cada paso del proceso, con paciencia y presencia. Siente libre a contactarme  Natalie\" \/>\n<meta property=\"og:url\" content=\"https:\/\/nataliecapell.com\/es\/producto\/whisper-no-110\/\" \/>\n<meta property=\"og:site_name\" content=\"Natalie Capell\" \/>\n<meta property=\"article:modified_time\" content=\"2024-07-23T15:47:01+00:00\" \/>\n<meta property=\"og:image\" content=\"https:\/\/nataliecapell.com\/wp-content\/uploads\/2023\/12\/w110n-long-sleeves1.jpg\" \/>\n\t<meta property=\"og:image:width\" content=\"1280\" \/>\n\t<meta property=\"og:image:height\" content=\"1920\" \/>\n\t<meta property=\"og:image:type\" content=\"image\/jpeg\" \/>\n<meta name=\"twitter:card\" content=\"summary_large_image\" \/>\n<meta name=\"twitter:label1\" content=\"Tiempo de lectura\" \/>\n\t<meta name=\"twitter:data1\" content=\"1 minuto\" \/>\n<script type=\"application\/ld+json\" class=\"yoast-schema-graph\">{\"@context\":\"https:\\\/\\\/schema.org\",\"@graph\":[{\"@type\":\"WebPage\",\"@id\":\"https:\\\/\\\/nataliecapell.com\\\/es\\\/producto\\\/whisper-no-110\\\/\",\"url\":\"https:\\\/\\\/nataliecapell.com\\\/es\\\/producto\\\/whisper-no-110\\\/\",\"name\":\"-\",\"isPartOf\":{\"@id\":\"https:\\\/\\\/nataliecapell.com\\\/#website\"},\"primaryImageOfPage\":{\"@id\":\"https:\\\/\\\/nataliecapell.com\\\/es\\\/producto\\\/whisper-no-110\\\/#primaryimage\"},\"image\":{\"@id\":\"https:\\\/\\\/nataliecapell.com\\\/es\\\/producto\\\/whisper-no-110\\\/#primaryimage\"},\"thumbnailUrl\":\"https:\\\/\\\/nataliecapell.com\\\/wp-content\\\/uploads\\\/2023\\\/12\\\/w110n-long-sleeves1.jpg\",\"datePublished\":\"2024-05-08T14:43:25+00:00\",\"dateModified\":\"2024-07-23T15:47:01+00:00\",\"breadcrumb\":{\"@id\":\"https:\\\/\\\/nataliecapell.com\\\/es\\\/producto\\\/whisper-no-110\\\/#breadcrumb\"},\"inLanguage\":\"es\",\"potentialAction\":[{\"@type\":\"ReadAction\",\"target\":[\"https:\\\/\\\/nataliecapell.com\\\/es\\\/producto\\\/whisper-no-110\\\/\"]}]},{\"@type\":\"ImageObject\",\"inLanguage\":\"es\",\"@id\":\"https:\\\/\\\/nataliecapell.com\\\/es\\\/producto\\\/whisper-no-110\\\/#primaryimage\",\"url\":\"https:\\\/\\\/nataliecapell.com\\\/wp-content\\\/uploads\\\/2023\\\/12\\\/w110n-long-sleeves1.jpg\",\"contentUrl\":\"https:\\\/\\\/nataliecapell.com\\\/wp-content\\\/uploads\\\/2023\\\/12\\\/w110n-long-sleeves1.jpg\",\"width\":1280,\"height\":1920},{\"@type\":\"BreadcrumbList\",\"@id\":\"https:\\\/\\\/nataliecapell.com\\\/es\\\/producto\\\/whisper-no-110\\\/#breadcrumb\",\"itemListElement\":[{\"@type\":\"ListItem\",\"position\":1,\"name\":\"Portada\",\"item\":\"https:\\\/\\\/nataliecapell.com\\\/es\\\/\"},{\"@type\":\"ListItem\",\"position\":2,\"name\":\"Boutique\",\"item\":\"https:\\\/\\\/nataliecapell.com\\\/es\\\/tienda\\\/\"},{\"@type\":\"ListItem\",\"position\":3,\"name\":\"Whisper no. 110\"}]},{\"@type\":\"WebSite\",\"@id\":\"https:\\\/\\\/nataliecapell.com\\\/#website\",\"url\":\"https:\\\/\\\/nataliecapell.com\\\/\",\"name\":\"Natalie Capell\",\"description\":\"\",\"publisher\":{\"@id\":\"https:\\\/\\\/nataliecapell.com\\\/#organization\"},\"potentialAction\":[{\"@type\":\"SearchAction\",\"target\":{\"@type\":\"EntryPoint\",\"urlTemplate\":\"https:\\\/\\\/nataliecapell.com\\\/?s={search_term_string}\"},\"query-input\":{\"@type\":\"PropertyValueSpecification\",\"valueRequired\":true,\"valueName\":\"search_term_string\"}}],\"inLanguage\":\"es\"},{\"@type\":\"Organization\",\"@id\":\"https:\\\/\\\/nataliecapell.com\\\/#organization\",\"name\":\"Natalie Capell\",\"url\":\"https:\\\/\\\/nataliecapell.com\\\/\",\"logo\":{\"@type\":\"ImageObject\",\"inLanguage\":\"es\",\"@id\":\"https:\\\/\\\/nataliecapell.com\\\/#\\\/schema\\\/logo\\\/image\\\/\",\"url\":\"https:\\\/\\\/nataliecapell.com\\\/wp-content\\\/uploads\\\/2023\\\/12\\\/Captura-de-pantalla-2023-12-14-a-las-23.28.13-1-e1707819988835.png\",\"contentUrl\":\"https:\\\/\\\/nataliecapell.com\\\/wp-content\\\/uploads\\\/2023\\\/12\\\/Captura-de-pantalla-2023-12-14-a-las-23.28.13-1-e1707819988835.png\",\"width\":552,\"height\":107,\"caption\":\"Natalie Capell\"},\"image\":{\"@id\":\"https:\\\/\\\/nataliecapell.com\\\/#\\\/schema\\\/logo\\\/image\\\/\"}}]}<\/script>\n<!-- \/ Yoast SEO plugin. -->","yoast_head_json":{"title":"-","robots":{"index":"index","follow":"follow","max-snippet":"max-snippet:-1","max-image-preview":"max-image-preview:large","max-video-preview":"max-video-preview:-1"},"canonical":"https:\/\/nataliecapell.com\/es\/producto\/whisper-no-110\/","og_locale":"es_ES","og_type":"article","og_title":"-","og_description":"Esta creaci\u00f3n es un vestido de novia de tul de seda elaborado a mano tiene de cuello alto que se cierra en la espalda Lo podr\u00eda confecionar con mangas largas bordadas o mangas cortas, seg\u00fan tu preferencia.  El bordado, como una joya de detalles finos y delicados trazos, con elementos florales esta hecho meticulosamente a mano con hilo de seda en mi atelier. En el centro de la composici\u00f3n del collar coloque una peque\u00f1a flor de seda hecha y pintada a mano.  El cierre en la espalda es una obra elaborada a mano, con ojales de seda hechos a mano que se abotonan con ocho minerales de cuarzo verde que brinda armon\u00eda y renovaci\u00f3n.  Este sutil transparente vestido de tul de seda incluye un vestido interior que es una obra en s\u00ed mismo, confeccionado en mi atelier con cuatro capas: dos de punto y dos de tul. Ligero, flexible y con una silueta vaporosa y rom\u00e1ntica  Cada una de mis creaciones es \u00fanica y lleva consigo un n\u00famero de serie, lo que garantiza su exclusividad. Debido al proceso artesanal, los bordados pueden variar de forma sutil de un vestido a otro, a\u00f1adiendo un toque de singularidad a cada pieza.  Estoy aqu\u00ed para ti en cada paso del proceso, con paciencia y presencia. Siente libre a contactarme  Natalie","og_url":"https:\/\/nataliecapell.com\/es\/producto\/whisper-no-110\/","og_site_name":"Natalie Capell","article_modified_time":"2024-07-23T15:47:01+00:00","og_image":[{"width":1280,"height":1920,"url":"https:\/\/nataliecapell.com\/wp-content\/uploads\/2023\/12\/w110n-long-sleeves1.jpg","type":"image\/jpeg"}],"twitter_card":"summary_large_image","twitter_misc":{"Tiempo de lectura":"1 minuto"},"schema":{"@context":"https:\/\/schema.org","@graph":[{"@type":"WebPage","@id":"https:\/\/nataliecapell.com\/es\/producto\/whisper-no-110\/","url":"https:\/\/nataliecapell.com\/es\/producto\/whisper-no-110\/","name":"-","isPartOf":{"@id":"https:\/\/nataliecapell.com\/#website"},"primaryImageOfPage":{"@id":"https:\/\/nataliecapell.com\/es\/producto\/whisper-no-110\/#primaryimage"},"image":{"@id":"https:\/\/nataliecapell.com\/es\/producto\/whisper-no-110\/#primaryimage"},"thumbnailUrl":"https:\/\/nataliecapell.com\/wp-content\/uploads\/2023\/12\/w110n-long-sleeves1.jpg","datePublished":"2024-05-08T14:43:25+00:00","dateModified":"2024-07-23T15:47:01+00:00","breadcrumb":{"@id":"https:\/\/nataliecapell.com\/es\/producto\/whisper-no-110\/#breadcrumb"},"inLanguage":"es","potentialAction":[{"@type":"ReadAction","target":["https:\/\/nataliecapell.com\/es\/producto\/whisper-no-110\/"]}]},{"@type":"ImageObject","inLanguage":"es","@id":"https:\/\/nataliecapell.com\/es\/producto\/whisper-no-110\/#primaryimage","url":"https:\/\/nataliecapell.com\/wp-content\/uploads\/2023\/12\/w110n-long-sleeves1.jpg","contentUrl":"https:\/\/nataliecapell.com\/wp-content\/uploads\/2023\/12\/w110n-long-sleeves1.jpg","width":1280,"height":1920},{"@type":"BreadcrumbList","@id":"https:\/\/nataliecapell.com\/es\/producto\/whisper-no-110\/#breadcrumb","itemListElement":[{"@type":"ListItem","position":1,"name":"Portada","item":"https:\/\/nataliecapell.com\/es\/"},{"@type":"ListItem","position":2,"name":"Boutique","item":"https:\/\/nataliecapell.com\/es\/tienda\/"},{"@type":"ListItem","position":3,"name":"Whisper no. 110"}]},{"@type":"WebSite","@id":"https:\/\/nataliecapell.com\/#website","url":"https:\/\/nataliecapell.com\/","name":"Natalie Capell","description":"","publisher":{"@id":"https:\/\/nataliecapell.com\/#organization"},"potentialAction":[{"@type":"SearchAction","target":{"@type":"EntryPoint","urlTemplate":"https:\/\/nataliecapell.com\/?s={search_term_string}"},"query-input":{"@type":"PropertyValueSpecification","valueRequired":true,"valueName":"search_term_string"}}],"inLanguage":"es"},{"@type":"Organization","@id":"https:\/\/nataliecapell.com\/#organization","name":"Natalie Capell","url":"https:\/\/nataliecapell.com\/","logo":{"@type":"ImageObject","inLanguage":"es","@id":"https:\/\/nataliecapell.com\/#\/schema\/logo\/image\/","url":"https:\/\/nataliecapell.com\/wp-content\/uploads\/2023\/12\/Captura-de-pantalla-2023-12-14-a-las-23.28.13-1-e1707819988835.png","contentUrl":"https:\/\/nataliecapell.com\/wp-content\/uploads\/2023\/12\/Captura-de-pantalla-2023-12-14-a-las-23.28.13-1-e1707819988835.png","width":552,"height":107,"caption":"Natalie Capell"},"image":{"@id":"https:\/\/nataliecapell.com\/#\/schema\/logo\/image\/"}}]}},"_links":{"self":[{"href":"https:\/\/nataliecapell.com\/es\/wp-json\/wp\/v2\/product\/4918","targetHints":{"allow":["GET"]}}],"collection":[{"href":"https:\/\/nataliecapell.com\/es\/wp-json\/wp\/v2\/product"}],"about":[{"href":"https:\/\/nataliecapell.com\/es\/wp-json\/wp\/v2\/types\/product"}],"wp:featuredmedia":[{"embeddable":true,"href":"https:\/\/nataliecapell.com\/es\/wp-json\/wp\/v2\/media\/1386"}],"wp:attachment":[{"href":"https:\/\/nataliecapell.com\/es\/wp-json\/wp\/v2\/media?parent=4918"}],"wp:term":[{"taxonomy":"product_brand","embeddable":true,"href":"https:\/\/nataliecapell.com\/es\/wp-json\/wp\/v2\/product_brand?post=4918"},{"taxonomy":"product_cat","embeddable":true,"href":"https:\/\/nataliecapell.com\/es\/wp-json\/wp\/v2\/product_cat?post=4918"},{"taxonomy":"product_tag","embeddable":true,"href":"https:\/\/nataliecapell.com\/es\/wp-json\/wp\/v2\/product_tag?post=4918"}],"curies":[{"name":"wp","href":"https:\/\/api.w.org\/{rel}","templated":true}]}}