{"id":1070,"date":"2023-11-27T21:42:45","date_gmt":"2023-11-28T14:43:20","guid":{"rendered":"https:\/\/nataliecapell.com\/?post_type=product&#038;p=1070"},"modified":"2024-07-23T15:54:18","modified_gmt":"2024-07-23T15:54:18","slug":"vestido-de-novia-bordado-del-atelier-no-w101n","status":"publish","type":"product","link":"https:\/\/nataliecapell.com\/es\/producto\/vestido-de-novia-bordado-del-atelier-no-w101n\/","title":{"rendered":"Whisper <em>no<\/em>. 101N"},"content":{"rendered":"","protected":false},"excerpt":{"rendered":"<p>Este delicado y elegante vestido de novia est\u00e1 hecho a mano con tul flexible italiano y tul de seda franc\u00e9s. El precioso bordado negro, realizado con maestr\u00eda utilizando mi propia t\u00e9cnica, une los dos tipos de tul. El vestido tiene un escote cruzado en la parte delantera y un drapeado con cola de seda en la espalda, la cola se puede recoger en el mismo punto donde nace.<\/p>\n<p>El bordado en hilo de seda negro combina trazos envolventes, caracter\u00edsticos de mi Atelier, con elementos florales y abalorios antiguos, pr\u00e1cticamente es una joya preciosa que posee armon\u00eda, delicadeza y fuerza.<\/p>\n<p>Esta pieza, con su delicadeza y naturalidad, tiene mucha presencia al acompa\u00f1ar tu movimiento natural y libre.<\/p>\n<p>En la imagen se muestra la combinaci\u00f3n de color crudo te\u00f1ido a mano con un bordado negro llevado encima de un vestido interior de punto de viscosa y tul. Tambi\u00e9n se podr\u00eda complementar con el fular de tul de novia.<\/p>\n<p>Mis piezas se sienten c\u00f3modas y naturales, elaboradas con tejidos suaves y flexibles, con m\u00ednimas costuras o cortes. Honran el movimiento libre y la fluidez de nuestros gestos y manera de expresar. Acompa\u00f1an con profundo respeto la feminidad y la belleza genuina a trav\u00e9s de sus cambios. Es una pieza sin talla, para toda la vida.<\/p>\n<p>Ofrezco la posibilidad de adaptar el largo del vestido si lo discutimos entre las dos. La pieza est\u00e1 bordada a mano y cuenta con un certificado de autenticidad con la fecha de su creaci\u00f3n en el Atelier.<\/p>\n<p>Debido a su meticulosa elaboraci\u00f3n artesanal, los bordados pueden variar de manera sutil de una pieza a otra, otorg\u00e1ndoles su propia esencia distintiva, como las cosas que tienen alma.<\/p>\n<p>Estoy aqu\u00ed para ti en cada paso de la compra, con paciencia y presencia. Si\u00e9ntete libre de contactarme.<\/p>\n<p>Tuya, Natalie<\/p>\n","protected":false},"featured_media":1578,"template":"","meta":{"_acf_changed":false,"site-sidebar-layout":"default","site-content-layout":"","ast-site-content-layout":"default","site-content-style":"default","site-sidebar-style":"default","ast-global-header-display":"","ast-banner-title-visibility":"","ast-main-header-display":"","ast-hfb-above-header-display":"","ast-hfb-below-header-display":"","ast-hfb-mobile-header-display":"","site-post-title":"","ast-breadcrumbs-content":"","ast-featured-img":"","footer-sml-layout":"","ast-disable-related-posts":"","theme-transparent-header-meta":"default","adv-header-id-meta":"","stick-header-meta":"","header-above-stick-meta":"","header-main-stick-meta":"","header-below-stick-meta":"","astra-migrate-meta-layouts":"set","ast-page-background-enabled":"default","ast-page-background-meta":{"desktop":{"background-color":"var(--ast-global-color-4)","background-image":"","background-repeat":"repeat","background-position":"center center","background-size":"auto","background-attachment":"scroll","background-type":"","background-media":"","overlay-type":"","overlay-color":"","overlay-opacity":"","overlay-gradient":""},"tablet":{"background-color":"","background-image":"","background-repeat":"repeat","background-position":"center center","background-size":"auto","background-attachment":"scroll","background-type":"","background-media":"","overlay-type":"","overlay-color":"","overlay-opacity":"","overlay-gradient":""},"mobile":{"background-color":"","background-image":"","background-repeat":"repeat","background-position":"center center","background-size":"auto","background-attachment":"scroll","background-type":"","background-media":"","overlay-type":"","overlay-color":"","overlay-opacity":"","overlay-gradient":""}},"ast-content-background-meta":{"desktop":{"background-color":"var(--ast-global-color-5)","background-image":"","background-repeat":"repeat","background-position":"center center","background-size":"auto","background-attachment":"scroll","background-type":"","background-media":"","overlay-type":"","overlay-color":"","overlay-opacity":"","overlay-gradient":""},"tablet":{"background-color":"var(--ast-global-color-5)","background-image":"","background-repeat":"repeat","background-position":"center center","background-size":"auto","background-attachment":"scroll","background-type":"","background-media":"","overlay-type":"","overlay-color":"","overlay-opacity":"","overlay-gradient":""},"mobile":{"background-color":"var(--ast-global-color-5)","background-image":"","background-repeat":"repeat","background-position":"center center","background-size":"auto","background-attachment":"scroll","background-type":"","background-media":"","overlay-type":"","overlay-color":"","overlay-opacity":"","overlay-gradient":""}}},"product_brand":[],"product_cat":[141,128],"product_tag":[],"class_list":{"0":"post-1070","1":"product","2":"type-product","3":"status-publish","4":"has-post-thumbnail","6":"product_cat-todos","7":"product_cat-vestidos-novia","8":"desktop-align-center","9":"tablet-align-left","10":"mobile-align-left","12":"first","13":"instock","14":"shipping-taxable","15":"purchasable","16":"product-type-simple"},"acf":[],"yoast_head":"<!-- This site is optimized with the Yoast SEO plugin v27.3 - https:\/\/yoast.com\/product\/yoast-seo-wordpress\/ -->\n<title>-<\/title>\n<meta name=\"robots\" content=\"index, follow, max-snippet:-1, max-image-preview:large, max-video-preview:-1\" \/>\n<link rel=\"canonical\" href=\"https:\/\/nataliecapell.com\/es\/producto\/vestido-de-novia-bordado-del-atelier-no-w101n\/\" \/>\n<meta property=\"og:locale\" content=\"es_ES\" \/>\n<meta property=\"og:type\" content=\"article\" \/>\n<meta property=\"og:title\" content=\"-\" \/>\n<meta property=\"og:description\" content=\"Este delicado y elegante vestido de novia est\u00e1 hecho a mano con tul flexible italiano y tul de seda franc\u00e9s. El precioso bordado negro, realizado con maestr\u00eda utilizando mi propia t\u00e9cnica, une los dos tipos de tul. El vestido tiene un escote cruzado en la parte delantera y un drapeado con cola de seda en la espalda, la cola se puede recoger en el mismo punto donde nace.  El bordado en hilo de seda negro combina trazos envolventes, caracter\u00edsticos de mi Atelier, con elementos florales y abalorios antiguos, pr\u00e1cticamente es una joya preciosa que posee armon\u00eda, delicadeza y fuerza.  Esta pieza, con su delicadeza y naturalidad, tiene mucha presencia al acompa\u00f1ar tu movimiento natural y libre.  En la imagen se muestra la combinaci\u00f3n de color crudo te\u00f1ido a mano con un bordado negro llevado encima de un vestido interior de punto de viscosa y tul. Tambi\u00e9n se podr\u00eda complementar con el fular de tul de novia.  Mis piezas se sienten c\u00f3modas y naturales, elaboradas con tejidos suaves y flexibles, con m\u00ednimas costuras o cortes. Honran el movimiento libre y la fluidez de nuestros gestos y manera de expresar. Acompa\u00f1an con profundo respeto la feminidad y la belleza genuina a trav\u00e9s de sus cambios. Es una pieza sin talla, para toda la vida.  Ofrezco la posibilidad de adaptar el largo del vestido si lo discutimos entre las dos. La pieza est\u00e1 bordada a mano y cuenta con un certificado de autenticidad con la fecha de su creaci\u00f3n en el Atelier.  Debido a su meticulosa elaboraci\u00f3n artesanal, los bordados pueden variar de manera sutil de una pieza a otra, otorg\u00e1ndoles su propia esencia distintiva, como las cosas que tienen alma.  Estoy aqu\u00ed para ti en cada paso de la compra, con paciencia y presencia. Si\u00e9ntete libre de contactarme.  Tuya, Natalie\" \/>\n<meta property=\"og:url\" content=\"https:\/\/nataliecapell.com\/es\/producto\/vestido-de-novia-bordado-del-atelier-no-w101n\/\" \/>\n<meta property=\"og:site_name\" content=\"Natalie Capell\" \/>\n<meta property=\"article:modified_time\" content=\"2024-07-23T15:54:18+00:00\" \/>\n<meta property=\"og:image\" content=\"https:\/\/nataliecapell.com\/wp-content\/uploads\/2023\/11\/W101N-1.jpg\" \/>\n\t<meta property=\"og:image:width\" content=\"1500\" \/>\n\t<meta property=\"og:image:height\" content=\"2250\" \/>\n\t<meta property=\"og:image:type\" content=\"image\/jpeg\" \/>\n<meta name=\"twitter:card\" content=\"summary_large_image\" \/>\n<meta name=\"twitter:label1\" content=\"Tiempo de lectura\" \/>\n\t<meta name=\"twitter:data1\" content=\"1 minuto\" \/>\n<script type=\"application\/ld+json\" class=\"yoast-schema-graph\">{\"@context\":\"https:\\\/\\\/schema.org\",\"@graph\":[{\"@type\":\"WebPage\",\"@id\":\"https:\\\/\\\/nataliecapell.com\\\/es\\\/producto\\\/vestido-de-novia-bordado-del-atelier-no-w101n\\\/\",\"url\":\"https:\\\/\\\/nataliecapell.com\\\/es\\\/producto\\\/vestido-de-novia-bordado-del-atelier-no-w101n\\\/\",\"name\":\"-\",\"isPartOf\":{\"@id\":\"https:\\\/\\\/nataliecapell.com\\\/#website\"},\"primaryImageOfPage\":{\"@id\":\"https:\\\/\\\/nataliecapell.com\\\/es\\\/producto\\\/vestido-de-novia-bordado-del-atelier-no-w101n\\\/#primaryimage\"},\"image\":{\"@id\":\"https:\\\/\\\/nataliecapell.com\\\/es\\\/producto\\\/vestido-de-novia-bordado-del-atelier-no-w101n\\\/#primaryimage\"},\"thumbnailUrl\":\"https:\\\/\\\/nataliecapell.com\\\/wp-content\\\/uploads\\\/2023\\\/11\\\/W101N-1.jpg\",\"datePublished\":\"2023-11-28T14:43:20+00:00\",\"dateModified\":\"2024-07-23T15:54:18+00:00\",\"breadcrumb\":{\"@id\":\"https:\\\/\\\/nataliecapell.com\\\/es\\\/producto\\\/vestido-de-novia-bordado-del-atelier-no-w101n\\\/#breadcrumb\"},\"inLanguage\":\"es\",\"potentialAction\":[{\"@type\":\"ReadAction\",\"target\":[\"https:\\\/\\\/nataliecapell.com\\\/es\\\/producto\\\/vestido-de-novia-bordado-del-atelier-no-w101n\\\/\"]}]},{\"@type\":\"ImageObject\",\"inLanguage\":\"es\",\"@id\":\"https:\\\/\\\/nataliecapell.com\\\/es\\\/producto\\\/vestido-de-novia-bordado-del-atelier-no-w101n\\\/#primaryimage\",\"url\":\"https:\\\/\\\/nataliecapell.com\\\/wp-content\\\/uploads\\\/2023\\\/11\\\/W101N-1.jpg\",\"contentUrl\":\"https:\\\/\\\/nataliecapell.com\\\/wp-content\\\/uploads\\\/2023\\\/11\\\/W101N-1.jpg\",\"width\":1500,\"height\":2250},{\"@type\":\"BreadcrumbList\",\"@id\":\"https:\\\/\\\/nataliecapell.com\\\/es\\\/producto\\\/vestido-de-novia-bordado-del-atelier-no-w101n\\\/#breadcrumb\",\"itemListElement\":[{\"@type\":\"ListItem\",\"position\":1,\"name\":\"Portada\",\"item\":\"https:\\\/\\\/nataliecapell.com\\\/es\\\/\"},{\"@type\":\"ListItem\",\"position\":2,\"name\":\"Boutique\",\"item\":\"https:\\\/\\\/nataliecapell.com\\\/es\\\/tienda\\\/\"},{\"@type\":\"ListItem\",\"position\":3,\"name\":\"Whisper no. 101N\"}]},{\"@type\":\"WebSite\",\"@id\":\"https:\\\/\\\/nataliecapell.com\\\/#website\",\"url\":\"https:\\\/\\\/nataliecapell.com\\\/\",\"name\":\"Natalie Capell\",\"description\":\"\",\"publisher\":{\"@id\":\"https:\\\/\\\/nataliecapell.com\\\/#organization\"},\"potentialAction\":[{\"@type\":\"SearchAction\",\"target\":{\"@type\":\"EntryPoint\",\"urlTemplate\":\"https:\\\/\\\/nataliecapell.com\\\/?s={search_term_string}\"},\"query-input\":{\"@type\":\"PropertyValueSpecification\",\"valueRequired\":true,\"valueName\":\"search_term_string\"}}],\"inLanguage\":\"es\"},{\"@type\":\"Organization\",\"@id\":\"https:\\\/\\\/nataliecapell.com\\\/#organization\",\"name\":\"Natalie Capell\",\"url\":\"https:\\\/\\\/nataliecapell.com\\\/\",\"logo\":{\"@type\":\"ImageObject\",\"inLanguage\":\"es\",\"@id\":\"https:\\\/\\\/nataliecapell.com\\\/#\\\/schema\\\/logo\\\/image\\\/\",\"url\":\"https:\\\/\\\/nataliecapell.com\\\/wp-content\\\/uploads\\\/2023\\\/12\\\/Captura-de-pantalla-2023-12-14-a-las-23.28.13-1-e1707819988835.png\",\"contentUrl\":\"https:\\\/\\\/nataliecapell.com\\\/wp-content\\\/uploads\\\/2023\\\/12\\\/Captura-de-pantalla-2023-12-14-a-las-23.28.13-1-e1707819988835.png\",\"width\":552,\"height\":107,\"caption\":\"Natalie Capell\"},\"image\":{\"@id\":\"https:\\\/\\\/nataliecapell.com\\\/#\\\/schema\\\/logo\\\/image\\\/\"}}]}<\/script>\n<!-- \/ Yoast SEO plugin. -->","yoast_head_json":{"title":"-","robots":{"index":"index","follow":"follow","max-snippet":"max-snippet:-1","max-image-preview":"max-image-preview:large","max-video-preview":"max-video-preview:-1"},"canonical":"https:\/\/nataliecapell.com\/es\/producto\/vestido-de-novia-bordado-del-atelier-no-w101n\/","og_locale":"es_ES","og_type":"article","og_title":"-","og_description":"Este delicado y elegante vestido de novia est\u00e1 hecho a mano con tul flexible italiano y tul de seda franc\u00e9s. El precioso bordado negro, realizado con maestr\u00eda utilizando mi propia t\u00e9cnica, une los dos tipos de tul. El vestido tiene un escote cruzado en la parte delantera y un drapeado con cola de seda en la espalda, la cola se puede recoger en el mismo punto donde nace.  El bordado en hilo de seda negro combina trazos envolventes, caracter\u00edsticos de mi Atelier, con elementos florales y abalorios antiguos, pr\u00e1cticamente es una joya preciosa que posee armon\u00eda, delicadeza y fuerza.  Esta pieza, con su delicadeza y naturalidad, tiene mucha presencia al acompa\u00f1ar tu movimiento natural y libre.  En la imagen se muestra la combinaci\u00f3n de color crudo te\u00f1ido a mano con un bordado negro llevado encima de un vestido interior de punto de viscosa y tul. Tambi\u00e9n se podr\u00eda complementar con el fular de tul de novia.  Mis piezas se sienten c\u00f3modas y naturales, elaboradas con tejidos suaves y flexibles, con m\u00ednimas costuras o cortes. Honran el movimiento libre y la fluidez de nuestros gestos y manera de expresar. Acompa\u00f1an con profundo respeto la feminidad y la belleza genuina a trav\u00e9s de sus cambios. Es una pieza sin talla, para toda la vida.  Ofrezco la posibilidad de adaptar el largo del vestido si lo discutimos entre las dos. La pieza est\u00e1 bordada a mano y cuenta con un certificado de autenticidad con la fecha de su creaci\u00f3n en el Atelier.  Debido a su meticulosa elaboraci\u00f3n artesanal, los bordados pueden variar de manera sutil de una pieza a otra, otorg\u00e1ndoles su propia esencia distintiva, como las cosas que tienen alma.  Estoy aqu\u00ed para ti en cada paso de la compra, con paciencia y presencia. Si\u00e9ntete libre de contactarme.  Tuya, Natalie","og_url":"https:\/\/nataliecapell.com\/es\/producto\/vestido-de-novia-bordado-del-atelier-no-w101n\/","og_site_name":"Natalie Capell","article_modified_time":"2024-07-23T15:54:18+00:00","og_image":[{"width":1500,"height":2250,"url":"https:\/\/nataliecapell.com\/wp-content\/uploads\/2023\/11\/W101N-1.jpg","type":"image\/jpeg"}],"twitter_card":"summary_large_image","twitter_misc":{"Tiempo de lectura":"1 minuto"},"schema":{"@context":"https:\/\/schema.org","@graph":[{"@type":"WebPage","@id":"https:\/\/nataliecapell.com\/es\/producto\/vestido-de-novia-bordado-del-atelier-no-w101n\/","url":"https:\/\/nataliecapell.com\/es\/producto\/vestido-de-novia-bordado-del-atelier-no-w101n\/","name":"-","isPartOf":{"@id":"https:\/\/nataliecapell.com\/#website"},"primaryImageOfPage":{"@id":"https:\/\/nataliecapell.com\/es\/producto\/vestido-de-novia-bordado-del-atelier-no-w101n\/#primaryimage"},"image":{"@id":"https:\/\/nataliecapell.com\/es\/producto\/vestido-de-novia-bordado-del-atelier-no-w101n\/#primaryimage"},"thumbnailUrl":"https:\/\/nataliecapell.com\/wp-content\/uploads\/2023\/11\/W101N-1.jpg","datePublished":"2023-11-28T14:43:20+00:00","dateModified":"2024-07-23T15:54:18+00:00","breadcrumb":{"@id":"https:\/\/nataliecapell.com\/es\/producto\/vestido-de-novia-bordado-del-atelier-no-w101n\/#breadcrumb"},"inLanguage":"es","potentialAction":[{"@type":"ReadAction","target":["https:\/\/nataliecapell.com\/es\/producto\/vestido-de-novia-bordado-del-atelier-no-w101n\/"]}]},{"@type":"ImageObject","inLanguage":"es","@id":"https:\/\/nataliecapell.com\/es\/producto\/vestido-de-novia-bordado-del-atelier-no-w101n\/#primaryimage","url":"https:\/\/nataliecapell.com\/wp-content\/uploads\/2023\/11\/W101N-1.jpg","contentUrl":"https:\/\/nataliecapell.com\/wp-content\/uploads\/2023\/11\/W101N-1.jpg","width":1500,"height":2250},{"@type":"BreadcrumbList","@id":"https:\/\/nataliecapell.com\/es\/producto\/vestido-de-novia-bordado-del-atelier-no-w101n\/#breadcrumb","itemListElement":[{"@type":"ListItem","position":1,"name":"Portada","item":"https:\/\/nataliecapell.com\/es\/"},{"@type":"ListItem","position":2,"name":"Boutique","item":"https:\/\/nataliecapell.com\/es\/tienda\/"},{"@type":"ListItem","position":3,"name":"Whisper no. 101N"}]},{"@type":"WebSite","@id":"https:\/\/nataliecapell.com\/#website","url":"https:\/\/nataliecapell.com\/","name":"Natalie Capell","description":"","publisher":{"@id":"https:\/\/nataliecapell.com\/#organization"},"potentialAction":[{"@type":"SearchAction","target":{"@type":"EntryPoint","urlTemplate":"https:\/\/nataliecapell.com\/?s={search_term_string}"},"query-input":{"@type":"PropertyValueSpecification","valueRequired":true,"valueName":"search_term_string"}}],"inLanguage":"es"},{"@type":"Organization","@id":"https:\/\/nataliecapell.com\/#organization","name":"Natalie Capell","url":"https:\/\/nataliecapell.com\/","logo":{"@type":"ImageObject","inLanguage":"es","@id":"https:\/\/nataliecapell.com\/#\/schema\/logo\/image\/","url":"https:\/\/nataliecapell.com\/wp-content\/uploads\/2023\/12\/Captura-de-pantalla-2023-12-14-a-las-23.28.13-1-e1707819988835.png","contentUrl":"https:\/\/nataliecapell.com\/wp-content\/uploads\/2023\/12\/Captura-de-pantalla-2023-12-14-a-las-23.28.13-1-e1707819988835.png","width":552,"height":107,"caption":"Natalie Capell"},"image":{"@id":"https:\/\/nataliecapell.com\/#\/schema\/logo\/image\/"}}]}},"_links":{"self":[{"href":"https:\/\/nataliecapell.com\/es\/wp-json\/wp\/v2\/product\/1070","targetHints":{"allow":["GET"]}}],"collection":[{"href":"https:\/\/nataliecapell.com\/es\/wp-json\/wp\/v2\/product"}],"about":[{"href":"https:\/\/nataliecapell.com\/es\/wp-json\/wp\/v2\/types\/product"}],"wp:featuredmedia":[{"embeddable":true,"href":"https:\/\/nataliecapell.com\/es\/wp-json\/wp\/v2\/media\/1578"}],"wp:attachment":[{"href":"https:\/\/nataliecapell.com\/es\/wp-json\/wp\/v2\/media?parent=1070"}],"wp:term":[{"taxonomy":"product_brand","embeddable":true,"href":"https:\/\/nataliecapell.com\/es\/wp-json\/wp\/v2\/product_brand?post=1070"},{"taxonomy":"product_cat","embeddable":true,"href":"https:\/\/nataliecapell.com\/es\/wp-json\/wp\/v2\/product_cat?post=1070"},{"taxonomy":"product_tag","embeddable":true,"href":"https:\/\/nataliecapell.com\/es\/wp-json\/wp\/v2\/product_tag?post=1070"}],"curies":[{"name":"wp","href":"https:\/\/api.w.org\/{rel}","templated":true}]}}