{"id":1068,"date":"2023-11-27T21:42:53","date_gmt":"2023-11-28T14:13:37","guid":{"rendered":"https:\/\/nataliecapell.com\/?post_type=product&#038;p=1068"},"modified":"2024-07-23T15:49:32","modified_gmt":"2024-07-23T15:49:32","slug":"blusa-bordada-del-atelier-no-a304n","status":"publish","type":"product","link":"https:\/\/nataliecapell.com\/es\/producto\/blusa-bordada-del-atelier-no-a304n\/","title":{"rendered":"Blusa bordada del Atelier <em>no<\/em>. A304N"},"content":{"rendered":"<p>&nbsp;<\/p>\n<p>&nbsp;<\/p>\n","protected":false},"excerpt":{"rendered":"<p class=\"p1\">Esta delicada blusa est\u00e1 creada de tul italiano, tiene mangas japonesas acabadas con pu\u00f1o de seda y un elegante escote en forma de barco.<br \/>\nEl cuello y el dobladillo han sido cuidadosamente elaborados a mano, al igual que el precioso bordado en el escote, realizado con maestr\u00eda por mi propia t\u00e9cnica.<br \/>\nEl bordado combina trazos envolventes, caracter\u00edsticos de mi Atelier ,con elementos florales y abalorios rescatados de vestidos antiguos, creando una armon\u00eda y delicadeza que acompa\u00f1ar\u00e1 tu movimiento natural y libre.<br \/>\nUna antigua pieza de azabache adorna y cuelga del centro, movi\u00e9ndose delicadamente \u00a0con cada gesto.<br \/>\nEn la imagen muestro una elegante combinaci\u00f3n de colores crudo-negro, presentada junto al cintur\u00f3n de seda en negro y un vestido interior de punto de viscosa crudo y tul.<br \/>\nEl tejido est\u00e0 fabricado en Italia especialmente por mi atelier, con mi propio color creado a mano.<\/p>\n<p>Mis piezas se sienten muy c\u00f3modas, elaboradas con tejido suave y flexible, m\u00ednimas costuras o cortes. Honran el movimiento libre y la fluidez de nuestros gestos y manera de expresar.<br \/>\nAcompa\u00f1an con profundo respeto la feminidad y la belleza genuina a trav\u00e9s de sus cambios.<br \/>\nEs una pieza sin talla, para toda la vida.<\/p>\n<p>Ofrezco adaptar el largo de la manga si entre las dos lo comentamos.<\/p>\n<p>La pieza que est\u00e1 bordada a mano y tiene un certificado de autenticidad con la fecha de su creaci\u00f3n en el Atelier,<br \/>\ncomo una pieza de arte.<\/p>\n<p>Debido a su meticulosa elaboraci\u00f3n artesanal, los bordados pueden variar de manera sutil de un vestido a otro, otorg\u00e1ndoles su propia esencia distintiva,<br \/>\ncomo las cosas que tienen alma.<\/p>\n<p>Estoy aqu\u00ed para ti en cada paso de la compra, con paciencia y presencia.<br \/>\nNo dudes en contactarme!<\/p>\n<p>Tuya<br \/>\nNatalie<\/p>\n","protected":false},"featured_media":1500,"template":"","meta":{"_acf_changed":false,"site-sidebar-layout":"default","site-content-layout":"","ast-site-content-layout":"default","site-content-style":"default","site-sidebar-style":"default","ast-global-header-display":"","ast-banner-title-visibility":"","ast-main-header-display":"","ast-hfb-above-header-display":"","ast-hfb-below-header-display":"","ast-hfb-mobile-header-display":"","site-post-title":"","ast-breadcrumbs-content":"","ast-featured-img":"","footer-sml-layout":"","ast-disable-related-posts":"","theme-transparent-header-meta":"default","adv-header-id-meta":"","stick-header-meta":"","header-above-stick-meta":"","header-main-stick-meta":"","header-below-stick-meta":"","astra-migrate-meta-layouts":"set","ast-page-background-enabled":"default","ast-page-background-meta":{"desktop":{"background-color":"var(--ast-global-color-4)","background-image":"","background-repeat":"repeat","background-position":"center center","background-size":"auto","background-attachment":"scroll","background-type":"","background-media":"","overlay-type":"","overlay-color":"","overlay-opacity":"","overlay-gradient":""},"tablet":{"background-color":"","background-image":"","background-repeat":"repeat","background-position":"center center","background-size":"auto","background-attachment":"scroll","background-type":"","background-media":"","overlay-type":"","overlay-color":"","overlay-opacity":"","overlay-gradient":""},"mobile":{"background-color":"","background-image":"","background-repeat":"repeat","background-position":"center center","background-size":"auto","background-attachment":"scroll","background-type":"","background-media":"","overlay-type":"","overlay-color":"","overlay-opacity":"","overlay-gradient":""}},"ast-content-background-meta":{"desktop":{"background-color":"var(--ast-global-color-5)","background-image":"","background-repeat":"repeat","background-position":"center center","background-size":"auto","background-attachment":"scroll","background-type":"","background-media":"","overlay-type":"","overlay-color":"","overlay-opacity":"","overlay-gradient":""},"tablet":{"background-color":"var(--ast-global-color-5)","background-image":"","background-repeat":"repeat","background-position":"center center","background-size":"auto","background-attachment":"scroll","background-type":"","background-media":"","overlay-type":"","overlay-color":"","overlay-opacity":"","overlay-gradient":""},"mobile":{"background-color":"var(--ast-global-color-5)","background-image":"","background-repeat":"repeat","background-position":"center center","background-size":"auto","background-attachment":"scroll","background-type":"","background-media":"","overlay-type":"","overlay-color":"","overlay-opacity":"","overlay-gradient":""}}},"product_brand":[],"product_cat":[141,126],"product_tag":[],"class_list":{"0":"post-1068","1":"product","2":"type-product","3":"status-publish","4":"has-post-thumbnail","6":"product_cat-todos","7":"product_cat-blusas-es","8":"desktop-align-center","9":"tablet-align-left","10":"mobile-align-left","12":"first","13":"instock","14":"shipping-taxable","15":"purchasable","16":"product-type-simple"},"acf":[],"yoast_head":"<!-- This site is optimized with the Yoast SEO plugin v27.3 - https:\/\/yoast.com\/product\/yoast-seo-wordpress\/ -->\n<title>-<\/title>\n<meta name=\"robots\" content=\"index, follow, max-snippet:-1, max-image-preview:large, max-video-preview:-1\" \/>\n<link rel=\"canonical\" href=\"https:\/\/nataliecapell.com\/es\/producto\/blusa-bordada-del-atelier-no-a304n\/\" \/>\n<meta property=\"og:locale\" content=\"es_ES\" \/>\n<meta property=\"og:type\" content=\"article\" \/>\n<meta property=\"og:title\" content=\"-\" \/>\n<meta property=\"og:description\" content=\"Esta delicada blusa est\u00e1 creada de tul italiano, tiene mangas japonesas acabadas con pu\u00f1o de seda y un elegante escote en forma de barco. El cuello y el dobladillo han sido cuidadosamente elaborados a mano, al igual que el precioso bordado en el escote, realizado con maestr\u00eda por mi propia t\u00e9cnica. El bordado combina trazos envolventes, caracter\u00edsticos de mi Atelier ,con elementos florales y abalorios rescatados de vestidos antiguos, creando una armon\u00eda y delicadeza que acompa\u00f1ar\u00e1 tu movimiento natural y libre. Una antigua pieza de azabache adorna y cuelga del centro, movi\u00e9ndose delicadamente \u00a0con cada gesto. En la imagen muestro una elegante combinaci\u00f3n de colores crudo-negro, presentada junto al cintur\u00f3n de seda en negro y un vestido interior de punto de viscosa crudo y tul. El tejido est\u00e0 fabricado en Italia especialmente por mi atelier, con mi propio color creado a mano. Mis piezas se sienten muy c\u00f3modas, elaboradas con tejido suave y flexible, m\u00ednimas costuras o cortes. Honran el movimiento libre y la fluidez de nuestros gestos y manera de expresar. Acompa\u00f1an con profundo respeto la feminidad y la belleza genuina a trav\u00e9s de sus cambios. Es una pieza sin talla, para toda la vida.  Ofrezco adaptar el largo de la manga si entre las dos lo comentamos.  La pieza que est\u00e1 bordada a mano y tiene un certificado de autenticidad con la fecha de su creaci\u00f3n en el Atelier, como una pieza de arte.  Debido a su meticulosa elaboraci\u00f3n artesanal, los bordados pueden variar de manera sutil de un vestido a otro, otorg\u00e1ndoles su propia esencia distintiva, como las cosas que tienen alma.  Estoy aqu\u00ed para ti en cada paso de la compra, con paciencia y presencia. No dudes en contactarme!  Tuya Natalie\" \/>\n<meta property=\"og:url\" content=\"https:\/\/nataliecapell.com\/es\/producto\/blusa-bordada-del-atelier-no-a304n\/\" \/>\n<meta property=\"og:site_name\" content=\"Natalie Capell\" \/>\n<meta property=\"article:modified_time\" content=\"2024-07-23T15:49:32+00:00\" \/>\n<meta property=\"og:image\" content=\"https:\/\/nataliecapell.com\/wp-content\/uploads\/2023\/11\/A304N-1.jpg\" \/>\n\t<meta property=\"og:image:width\" content=\"1500\" \/>\n\t<meta property=\"og:image:height\" content=\"2250\" \/>\n\t<meta property=\"og:image:type\" content=\"image\/jpeg\" \/>\n<meta name=\"twitter:card\" content=\"summary_large_image\" \/>\n<meta name=\"twitter:label1\" content=\"Tiempo de lectura\" \/>\n\t<meta name=\"twitter:data1\" content=\"1 minuto\" \/>\n<script type=\"application\/ld+json\" class=\"yoast-schema-graph\">{\"@context\":\"https:\\\/\\\/schema.org\",\"@graph\":[{\"@type\":\"WebPage\",\"@id\":\"https:\\\/\\\/nataliecapell.com\\\/es\\\/producto\\\/blusa-bordada-del-atelier-no-a304n\\\/\",\"url\":\"https:\\\/\\\/nataliecapell.com\\\/es\\\/producto\\\/blusa-bordada-del-atelier-no-a304n\\\/\",\"name\":\"-\",\"isPartOf\":{\"@id\":\"https:\\\/\\\/nataliecapell.com\\\/#website\"},\"primaryImageOfPage\":{\"@id\":\"https:\\\/\\\/nataliecapell.com\\\/es\\\/producto\\\/blusa-bordada-del-atelier-no-a304n\\\/#primaryimage\"},\"image\":{\"@id\":\"https:\\\/\\\/nataliecapell.com\\\/es\\\/producto\\\/blusa-bordada-del-atelier-no-a304n\\\/#primaryimage\"},\"thumbnailUrl\":\"https:\\\/\\\/nataliecapell.com\\\/wp-content\\\/uploads\\\/2023\\\/11\\\/A304N-1.jpg\",\"datePublished\":\"2023-11-28T14:13:37+00:00\",\"dateModified\":\"2024-07-23T15:49:32+00:00\",\"breadcrumb\":{\"@id\":\"https:\\\/\\\/nataliecapell.com\\\/es\\\/producto\\\/blusa-bordada-del-atelier-no-a304n\\\/#breadcrumb\"},\"inLanguage\":\"es\",\"potentialAction\":[{\"@type\":\"ReadAction\",\"target\":[\"https:\\\/\\\/nataliecapell.com\\\/es\\\/producto\\\/blusa-bordada-del-atelier-no-a304n\\\/\"]}]},{\"@type\":\"ImageObject\",\"inLanguage\":\"es\",\"@id\":\"https:\\\/\\\/nataliecapell.com\\\/es\\\/producto\\\/blusa-bordada-del-atelier-no-a304n\\\/#primaryimage\",\"url\":\"https:\\\/\\\/nataliecapell.com\\\/wp-content\\\/uploads\\\/2023\\\/11\\\/A304N-1.jpg\",\"contentUrl\":\"https:\\\/\\\/nataliecapell.com\\\/wp-content\\\/uploads\\\/2023\\\/11\\\/A304N-1.jpg\",\"width\":1500,\"height\":2250},{\"@type\":\"BreadcrumbList\",\"@id\":\"https:\\\/\\\/nataliecapell.com\\\/es\\\/producto\\\/blusa-bordada-del-atelier-no-a304n\\\/#breadcrumb\",\"itemListElement\":[{\"@type\":\"ListItem\",\"position\":1,\"name\":\"Portada\",\"item\":\"https:\\\/\\\/nataliecapell.com\\\/es\\\/\"},{\"@type\":\"ListItem\",\"position\":2,\"name\":\"Boutique\",\"item\":\"https:\\\/\\\/nataliecapell.com\\\/es\\\/tienda\\\/\"},{\"@type\":\"ListItem\",\"position\":3,\"name\":\"Blusa bordada del Atelier no. A304N\"}]},{\"@type\":\"WebSite\",\"@id\":\"https:\\\/\\\/nataliecapell.com\\\/#website\",\"url\":\"https:\\\/\\\/nataliecapell.com\\\/\",\"name\":\"Natalie Capell\",\"description\":\"\",\"publisher\":{\"@id\":\"https:\\\/\\\/nataliecapell.com\\\/#organization\"},\"potentialAction\":[{\"@type\":\"SearchAction\",\"target\":{\"@type\":\"EntryPoint\",\"urlTemplate\":\"https:\\\/\\\/nataliecapell.com\\\/?s={search_term_string}\"},\"query-input\":{\"@type\":\"PropertyValueSpecification\",\"valueRequired\":true,\"valueName\":\"search_term_string\"}}],\"inLanguage\":\"es\"},{\"@type\":\"Organization\",\"@id\":\"https:\\\/\\\/nataliecapell.com\\\/#organization\",\"name\":\"Natalie Capell\",\"url\":\"https:\\\/\\\/nataliecapell.com\\\/\",\"logo\":{\"@type\":\"ImageObject\",\"inLanguage\":\"es\",\"@id\":\"https:\\\/\\\/nataliecapell.com\\\/#\\\/schema\\\/logo\\\/image\\\/\",\"url\":\"https:\\\/\\\/nataliecapell.com\\\/wp-content\\\/uploads\\\/2023\\\/12\\\/Captura-de-pantalla-2023-12-14-a-las-23.28.13-1-e1707819988835.png\",\"contentUrl\":\"https:\\\/\\\/nataliecapell.com\\\/wp-content\\\/uploads\\\/2023\\\/12\\\/Captura-de-pantalla-2023-12-14-a-las-23.28.13-1-e1707819988835.png\",\"width\":552,\"height\":107,\"caption\":\"Natalie Capell\"},\"image\":{\"@id\":\"https:\\\/\\\/nataliecapell.com\\\/#\\\/schema\\\/logo\\\/image\\\/\"}}]}<\/script>\n<!-- \/ Yoast SEO plugin. -->","yoast_head_json":{"title":"-","robots":{"index":"index","follow":"follow","max-snippet":"max-snippet:-1","max-image-preview":"max-image-preview:large","max-video-preview":"max-video-preview:-1"},"canonical":"https:\/\/nataliecapell.com\/es\/producto\/blusa-bordada-del-atelier-no-a304n\/","og_locale":"es_ES","og_type":"article","og_title":"-","og_description":"Esta delicada blusa est\u00e1 creada de tul italiano, tiene mangas japonesas acabadas con pu\u00f1o de seda y un elegante escote en forma de barco. El cuello y el dobladillo han sido cuidadosamente elaborados a mano, al igual que el precioso bordado en el escote, realizado con maestr\u00eda por mi propia t\u00e9cnica. El bordado combina trazos envolventes, caracter\u00edsticos de mi Atelier ,con elementos florales y abalorios rescatados de vestidos antiguos, creando una armon\u00eda y delicadeza que acompa\u00f1ar\u00e1 tu movimiento natural y libre. Una antigua pieza de azabache adorna y cuelga del centro, movi\u00e9ndose delicadamente \u00a0con cada gesto. En la imagen muestro una elegante combinaci\u00f3n de colores crudo-negro, presentada junto al cintur\u00f3n de seda en negro y un vestido interior de punto de viscosa crudo y tul. El tejido est\u00e0 fabricado en Italia especialmente por mi atelier, con mi propio color creado a mano. Mis piezas se sienten muy c\u00f3modas, elaboradas con tejido suave y flexible, m\u00ednimas costuras o cortes. Honran el movimiento libre y la fluidez de nuestros gestos y manera de expresar. Acompa\u00f1an con profundo respeto la feminidad y la belleza genuina a trav\u00e9s de sus cambios. Es una pieza sin talla, para toda la vida.  Ofrezco adaptar el largo de la manga si entre las dos lo comentamos.  La pieza que est\u00e1 bordada a mano y tiene un certificado de autenticidad con la fecha de su creaci\u00f3n en el Atelier, como una pieza de arte.  Debido a su meticulosa elaboraci\u00f3n artesanal, los bordados pueden variar de manera sutil de un vestido a otro, otorg\u00e1ndoles su propia esencia distintiva, como las cosas que tienen alma.  Estoy aqu\u00ed para ti en cada paso de la compra, con paciencia y presencia. No dudes en contactarme!  Tuya Natalie","og_url":"https:\/\/nataliecapell.com\/es\/producto\/blusa-bordada-del-atelier-no-a304n\/","og_site_name":"Natalie Capell","article_modified_time":"2024-07-23T15:49:32+00:00","og_image":[{"width":1500,"height":2250,"url":"https:\/\/nataliecapell.com\/wp-content\/uploads\/2023\/11\/A304N-1.jpg","type":"image\/jpeg"}],"twitter_card":"summary_large_image","twitter_misc":{"Tiempo de lectura":"1 minuto"},"schema":{"@context":"https:\/\/schema.org","@graph":[{"@type":"WebPage","@id":"https:\/\/nataliecapell.com\/es\/producto\/blusa-bordada-del-atelier-no-a304n\/","url":"https:\/\/nataliecapell.com\/es\/producto\/blusa-bordada-del-atelier-no-a304n\/","name":"-","isPartOf":{"@id":"https:\/\/nataliecapell.com\/#website"},"primaryImageOfPage":{"@id":"https:\/\/nataliecapell.com\/es\/producto\/blusa-bordada-del-atelier-no-a304n\/#primaryimage"},"image":{"@id":"https:\/\/nataliecapell.com\/es\/producto\/blusa-bordada-del-atelier-no-a304n\/#primaryimage"},"thumbnailUrl":"https:\/\/nataliecapell.com\/wp-content\/uploads\/2023\/11\/A304N-1.jpg","datePublished":"2023-11-28T14:13:37+00:00","dateModified":"2024-07-23T15:49:32+00:00","breadcrumb":{"@id":"https:\/\/nataliecapell.com\/es\/producto\/blusa-bordada-del-atelier-no-a304n\/#breadcrumb"},"inLanguage":"es","potentialAction":[{"@type":"ReadAction","target":["https:\/\/nataliecapell.com\/es\/producto\/blusa-bordada-del-atelier-no-a304n\/"]}]},{"@type":"ImageObject","inLanguage":"es","@id":"https:\/\/nataliecapell.com\/es\/producto\/blusa-bordada-del-atelier-no-a304n\/#primaryimage","url":"https:\/\/nataliecapell.com\/wp-content\/uploads\/2023\/11\/A304N-1.jpg","contentUrl":"https:\/\/nataliecapell.com\/wp-content\/uploads\/2023\/11\/A304N-1.jpg","width":1500,"height":2250},{"@type":"BreadcrumbList","@id":"https:\/\/nataliecapell.com\/es\/producto\/blusa-bordada-del-atelier-no-a304n\/#breadcrumb","itemListElement":[{"@type":"ListItem","position":1,"name":"Portada","item":"https:\/\/nataliecapell.com\/es\/"},{"@type":"ListItem","position":2,"name":"Boutique","item":"https:\/\/nataliecapell.com\/es\/tienda\/"},{"@type":"ListItem","position":3,"name":"Blusa bordada del Atelier no. A304N"}]},{"@type":"WebSite","@id":"https:\/\/nataliecapell.com\/#website","url":"https:\/\/nataliecapell.com\/","name":"Natalie Capell","description":"","publisher":{"@id":"https:\/\/nataliecapell.com\/#organization"},"potentialAction":[{"@type":"SearchAction","target":{"@type":"EntryPoint","urlTemplate":"https:\/\/nataliecapell.com\/?s={search_term_string}"},"query-input":{"@type":"PropertyValueSpecification","valueRequired":true,"valueName":"search_term_string"}}],"inLanguage":"es"},{"@type":"Organization","@id":"https:\/\/nataliecapell.com\/#organization","name":"Natalie Capell","url":"https:\/\/nataliecapell.com\/","logo":{"@type":"ImageObject","inLanguage":"es","@id":"https:\/\/nataliecapell.com\/#\/schema\/logo\/image\/","url":"https:\/\/nataliecapell.com\/wp-content\/uploads\/2023\/12\/Captura-de-pantalla-2023-12-14-a-las-23.28.13-1-e1707819988835.png","contentUrl":"https:\/\/nataliecapell.com\/wp-content\/uploads\/2023\/12\/Captura-de-pantalla-2023-12-14-a-las-23.28.13-1-e1707819988835.png","width":552,"height":107,"caption":"Natalie Capell"},"image":{"@id":"https:\/\/nataliecapell.com\/#\/schema\/logo\/image\/"}}]}},"_links":{"self":[{"href":"https:\/\/nataliecapell.com\/es\/wp-json\/wp\/v2\/product\/1068","targetHints":{"allow":["GET"]}}],"collection":[{"href":"https:\/\/nataliecapell.com\/es\/wp-json\/wp\/v2\/product"}],"about":[{"href":"https:\/\/nataliecapell.com\/es\/wp-json\/wp\/v2\/types\/product"}],"wp:featuredmedia":[{"embeddable":true,"href":"https:\/\/nataliecapell.com\/es\/wp-json\/wp\/v2\/media\/1500"}],"wp:attachment":[{"href":"https:\/\/nataliecapell.com\/es\/wp-json\/wp\/v2\/media?parent=1068"}],"wp:term":[{"taxonomy":"product_brand","embeddable":true,"href":"https:\/\/nataliecapell.com\/es\/wp-json\/wp\/v2\/product_brand?post=1068"},{"taxonomy":"product_cat","embeddable":true,"href":"https:\/\/nataliecapell.com\/es\/wp-json\/wp\/v2\/product_cat?post=1068"},{"taxonomy":"product_tag","embeddable":true,"href":"https:\/\/nataliecapell.com\/es\/wp-json\/wp\/v2\/product_tag?post=1068"}],"curies":[{"name":"wp","href":"https:\/\/api.w.org\/{rel}","templated":true}]}}