{"id":670,"date":"2023-09-06T14:39:46","date_gmt":"2023-09-06T14:39:46","guid":{"rendered":"https:\/\/nataliecapell.com\/?page_id=670"},"modified":"2024-02-26T10:04:55","modified_gmt":"2024-02-26T10:04:55","slug":"politica-de-privacidad","status":"publish","type":"page","link":"https:\/\/nataliecapell.com\/es\/politica-de-privacidad\/","title":{"rendered":"Politica de privacidad"},"content":{"rendered":"\t\t<div data-elementor-type=\"wp-page\" data-elementor-id=\"670\" class=\"elementor elementor-670 elementor-3\" data-elementor-post-type=\"page\">\n\t\t\t\t\t\t<section class=\"elementor-section elementor-top-section elementor-element elementor-element-e921f58 elementor-section-boxed elementor-section-height-default elementor-section-height-default\" data-id=\"e921f58\" data-element_type=\"section\" data-e-type=\"section\" data-settings=\"{&quot;background_background&quot;:&quot;classic&quot;}\">\n\t\t\t\t\t\t<div class=\"elementor-container elementor-column-gap-default\">\n\t\t\t\t\t<div class=\"elementor-column elementor-col-100 elementor-top-column elementor-element elementor-element-7597afd\" data-id=\"7597afd\" data-element_type=\"column\" data-e-type=\"column\">\n\t\t\t<div class=\"elementor-widget-wrap elementor-element-populated\">\n\t\t\t\t\t\t<div class=\"elementor-element elementor-element-d194969 elementor-widget elementor-widget-text-editor\" data-id=\"d194969\" data-element_type=\"widget\" data-e-type=\"widget\" data-widget_type=\"text-editor.default\">\n\t\t\t\t<div class=\"elementor-widget-container\">\n\t\t\t\t\t\t\t\t\t<p>Politica de privacidad<\/p><p>NATALIE CAPELL le informa que puede ejercer los derechos de acceso, rectificaci\u00f3n, limitaci\u00f3n, supresi\u00f3n, portabilidad y oposici\u00f3n al tratamiento de sus datos personales ante el Responsable del Tratamiento, as\u00ed como retirar el consentimiento otorgado.<\/p><p>Derecho de Acceso: Es su derecho a obtener informaci\u00f3n sobre sus datos personales espec\u00edficos y sobre qu\u00e9 tratamiento se ha realizado o se est\u00e1 llevando a cabo en ellos, as\u00ed como la informaci\u00f3n disponible sobre la fuente de dichos datos y las divulgaciones realizadas o previstas.<\/p><p>Derecho de Rectificaci\u00f3n: Es su derecho a la correcci\u00f3n de datos inexactos o incompletos. Cualquier correcci\u00f3n solo puede realizarse sobre la informaci\u00f3n que est\u00e1 bajo el control de NATALIE CAPELL, por ejemplo, eliminando comentarios publicados en la propia p\u00e1gina, im\u00e1genes o contenido web que contengan sus datos personales.<\/p><p>Derecho de Limitaci\u00f3n del Tratamiento: Este es el derecho a limitar los fines del tratamiento previstos originalmente por el responsable del tratamiento.<\/p><p>Derecho de Supresi\u00f3n: Este es el derecho a eliminar sus datos personales, excepto en los casos previstos en el RGPD o en otras regulaciones aplicables donde se especifiquen per\u00edodos y formatos de almacenamiento obligatorios.<\/p><p>Derecho de Portabilidad: El derecho a recibir los datos personales que ha proporcionado, en un formato estructurado, de uso com\u00fan y legible por m\u00e1quina, y transmitirlos a otro responsable del tratamiento.<\/p><p>Derecho de Oposici\u00f3n: Este es su derecho a evitar o detener el tratamiento de sus datos personales por parte de NATALIE CAPELL.<\/p><p>Para ejercer cualquiera de los derechos descritos anteriormente, debe cumplir con los siguientes requisitos:<\/p><p>Enviar una carta a la direcci\u00f3n C\/ PUTXET 81, ATICO 08023, BARCELONA (a la atenci\u00f3n de NATALIE CAPELL) o por correo electr\u00f3nico a atelier@nataliecapell.com.<\/p><p>La carta enviada por el interesado que solicita el ejercicio de un determinado derecho debe cumplir con los siguientes requisitos legales:<\/p><p>El nombre completo del interesado y una copia del Documento Nacional de Identidad espa\u00f1ol o del Documento de Identidad de Extranjero o cualquier otro documento de identificaci\u00f3n. En los casos excepcionales en los que se acepten representantes, estos tambi\u00e9n deber\u00e1n identificarse de la misma manera, adem\u00e1s del documento que confirme su condici\u00f3n de representante. La fotocopia del Documento Nacional de Identidad puede ser sustituida por otros documentos que prueben la identidad por cualquier otro medio v\u00e1lido seg\u00fan la ley.<\/p><p>El contenido espec\u00edfico de la solicitud (en la que solicita la informaci\u00f3n a la que desea acceder). Si no hace referencia a un archivo espec\u00edfico, se le proporcionar\u00e1 toda la informaci\u00f3n que se posea con sus datos personales. Si solicita informaci\u00f3n de un archivo en particular, solo se le proporcionar\u00e1 la informaci\u00f3n de ese archivo. Si solicita informaci\u00f3n sobre un tercero, esto se rechazar\u00e1 en todos los casos. Si solicita la informaci\u00f3n por tel\u00e9fono, se le pedir\u00e1 que solicite la informaci\u00f3n por escrito; se le informar\u00e1 c\u00f3mo puede hacerlo y la direcci\u00f3n a la que debe enviar su solicitud. Nunca se le proporcionar\u00e1 informaci\u00f3n por tel\u00e9fono.<\/p><p>Direcci\u00f3n para notificaciones.<\/p><p>La fecha y la firma de la persona solicitante.<\/p><p>Documentos de respaldo para la solicitud realizada.<\/p><p>El interesado debe utilizar cualquier medio que proporcione prueba de que ha enviado la solicitud y de que la hemos recibido.<\/p><p>Por \u00faltimo, le informamos que tiene derecho a presentar una reclamaci\u00f3n ante la Agencia Espa\u00f1ola de Protecci\u00f3n de Datos si conoce o considera que un evento en particular puede implicar una violaci\u00f3n de las normativas aplicables de protecci\u00f3n de datos.<\/p><p>NATALIE CAPELL se compromete a tomar las medidas t\u00e9cnicas y organizativas necesarias, adaptadas al nivel de riesgo que conlleva el tratamiento realizado por ella y explicado en la secci\u00f3n de t\u00e9rminos y condiciones de uso, con el objetivo de garantizar su integridad, confidencialidad y disponibilidad.<\/p>\t\t\t\t\t\t\t\t<\/div>\n\t\t\t\t<\/div>\n\t\t\t\t\t<\/div>\n\t\t<\/div>\n\t\t\t\t\t<\/div>\n\t\t<\/section>\n\t\t\t\t<\/div>\n\t\t","protected":false},"excerpt":{"rendered":"<p>Politica de privacidad NATALIE CAPELL le informa que puede ejercer los derechos de acceso, rectificaci\u00f3n, limitaci\u00f3n, supresi\u00f3n, portabilidad y oposici\u00f3n al tratamiento de sus datos personales ante el Responsable del Tratamiento, as\u00ed como retirar el consentimiento otorgado. Derecho de Acceso: Es su derecho a obtener informaci\u00f3n sobre sus datos personales espec\u00edficos y sobre qu\u00e9 tratamiento [&hellip;]<\/p>\n","protected":false},"author":2,"featured_media":0,"parent":0,"menu_order":0,"comment_status":"closed","ping_status":"closed","template":"elementor_header_footer","meta":{"_acf_changed":false,"site-sidebar-layout":"default","site-content-layout":"","ast-site-content-layout":"default","site-content-style":"default","site-sidebar-style":"default","ast-global-header-display":"","ast-banner-title-visibility":"","ast-main-header-display":"","ast-hfb-above-header-display":"","ast-hfb-below-header-display":"","ast-hfb-mobile-header-display":"","site-post-title":"","ast-breadcrumbs-content":"","ast-featured-img":"","footer-sml-layout":"","ast-disable-related-posts":"","theme-transparent-header-meta":"","adv-header-id-meta":"","stick-header-meta":"","header-above-stick-meta":"","header-main-stick-meta":"","header-below-stick-meta":"","astra-migrate-meta-layouts":"default","ast-page-background-enabled":"default","ast-page-background-meta":{"desktop":{"background-color":"var(--ast-global-color-4)","background-image":"","background-repeat":"repeat","background-position":"center center","background-size":"auto","background-attachment":"scroll","background-type":"","background-media":"","overlay-type":"","overlay-color":"","overlay-opacity":"","overlay-gradient":""},"tablet":{"background-color":"","background-image":"","background-repeat":"repeat","background-position":"center center","background-size":"auto","background-attachment":"scroll","background-type":"","background-media":"","overlay-type":"","overlay-color":"","overlay-opacity":"","overlay-gradient":""},"mobile":{"background-color":"","background-image":"","background-repeat":"repeat","background-position":"center center","background-size":"auto","background-attachment":"scroll","background-type":"","background-media":"","overlay-type":"","overlay-color":"","overlay-opacity":"","overlay-gradient":""}},"ast-content-background-meta":{"desktop":{"background-color":"var(--ast-global-color-5)","background-image":"","background-repeat":"repeat","background-position":"center center","background-size":"auto","background-attachment":"scroll","background-type":"","background-media":"","overlay-type":"","overlay-color":"","overlay-opacity":"","overlay-gradient":""},"tablet":{"background-color":"var(--ast-global-color-5)","background-image":"","background-repeat":"repeat","background-position":"center center","background-size":"auto","background-attachment":"scroll","background-type":"","background-media":"","overlay-type":"","overlay-color":"","overlay-opacity":"","overlay-gradient":""},"mobile":{"background-color":"var(--ast-global-color-5)","background-image":"","background-repeat":"repeat","background-position":"center center","background-size":"auto","background-attachment":"scroll","background-type":"","background-media":"","overlay-type":"","overlay-color":"","overlay-opacity":"","overlay-gradient":""}},"footnotes":""},"class_list":["post-670","page","type-page","status-publish","hentry"],"acf":[],"yoast_head":"<!-- This site is optimized with the Yoast SEO plugin v27.3 - https:\/\/yoast.com\/product\/yoast-seo-wordpress\/ -->\n<title>Politica de privacidad - Natalie Capell<\/title>\n<meta name=\"robots\" content=\"index, follow, max-snippet:-1, max-image-preview:large, max-video-preview:-1\" \/>\n<link rel=\"canonical\" href=\"https:\/\/nataliecapell.com\/politica-privacidad\/\" \/>\n<meta property=\"og:locale\" content=\"es_ES\" \/>\n<meta property=\"og:type\" content=\"article\" \/>\n<meta property=\"og:title\" content=\"Politica de privacidad - Natalie Capell\" \/>\n<meta property=\"og:description\" content=\"Politica de privacidad NATALIE CAPELL le informa que puede ejercer los derechos de acceso, rectificaci\u00f3n, limitaci\u00f3n, supresi\u00f3n, portabilidad y oposici\u00f3n al tratamiento de sus datos personales ante el Responsable del Tratamiento, as\u00ed como retirar el consentimiento otorgado. Derecho de Acceso: Es su derecho a obtener informaci\u00f3n sobre sus datos personales espec\u00edficos y sobre qu\u00e9 tratamiento [&hellip;]\" \/>\n<meta property=\"og:url\" content=\"https:\/\/nataliecapell.com\/politica-privacidad\/\" \/>\n<meta property=\"og:site_name\" content=\"Natalie Capell\" \/>\n<meta property=\"article:modified_time\" content=\"2024-02-26T10:04:55+00:00\" \/>\n<meta name=\"twitter:card\" content=\"summary_large_image\" \/>\n<meta name=\"twitter:label1\" content=\"Tiempo de lectura\" \/>\n\t<meta name=\"twitter:data1\" content=\"3 minutos\" \/>\n<script type=\"application\/ld+json\" class=\"yoast-schema-graph\">{\"@context\":\"https:\\\/\\\/schema.org\",\"@graph\":[{\"@type\":\"WebPage\",\"@id\":\"https:\\\/\\\/nataliecapell.com\\\/politica-privacidad\\\/\",\"url\":\"https:\\\/\\\/nataliecapell.com\\\/politica-privacidad\\\/\",\"name\":\"Politica de privacidad - Natalie Capell\",\"isPartOf\":{\"@id\":\"https:\\\/\\\/nataliecapell.com\\\/#website\"},\"datePublished\":\"2023-09-06T14:39:46+00:00\",\"dateModified\":\"2024-02-26T10:04:55+00:00\",\"breadcrumb\":{\"@id\":\"https:\\\/\\\/nataliecapell.com\\\/politica-privacidad\\\/#breadcrumb\"},\"inLanguage\":\"es\",\"potentialAction\":[{\"@type\":\"ReadAction\",\"target\":[\"https:\\\/\\\/nataliecapell.com\\\/politica-privacidad\\\/\"]}]},{\"@type\":\"BreadcrumbList\",\"@id\":\"https:\\\/\\\/nataliecapell.com\\\/politica-privacidad\\\/#breadcrumb\",\"itemListElement\":[{\"@type\":\"ListItem\",\"position\":1,\"name\":\"Portada\",\"item\":\"https:\\\/\\\/nataliecapell.com\\\/es\\\/\"},{\"@type\":\"ListItem\",\"position\":2,\"name\":\"Politica de privacidad\"}]},{\"@type\":\"WebSite\",\"@id\":\"https:\\\/\\\/nataliecapell.com\\\/#website\",\"url\":\"https:\\\/\\\/nataliecapell.com\\\/\",\"name\":\"Natalie Capell\",\"description\":\"\",\"publisher\":{\"@id\":\"https:\\\/\\\/nataliecapell.com\\\/#organization\"},\"potentialAction\":[{\"@type\":\"SearchAction\",\"target\":{\"@type\":\"EntryPoint\",\"urlTemplate\":\"https:\\\/\\\/nataliecapell.com\\\/?s={search_term_string}\"},\"query-input\":{\"@type\":\"PropertyValueSpecification\",\"valueRequired\":true,\"valueName\":\"search_term_string\"}}],\"inLanguage\":\"es\"},{\"@type\":\"Organization\",\"@id\":\"https:\\\/\\\/nataliecapell.com\\\/#organization\",\"name\":\"Natalie Capell\",\"url\":\"https:\\\/\\\/nataliecapell.com\\\/\",\"logo\":{\"@type\":\"ImageObject\",\"inLanguage\":\"es\",\"@id\":\"https:\\\/\\\/nataliecapell.com\\\/#\\\/schema\\\/logo\\\/image\\\/\",\"url\":\"https:\\\/\\\/nataliecapell.com\\\/wp-content\\\/uploads\\\/2023\\\/12\\\/Captura-de-pantalla-2023-12-14-a-las-23.28.13-1-e1707819988835.png\",\"contentUrl\":\"https:\\\/\\\/nataliecapell.com\\\/wp-content\\\/uploads\\\/2023\\\/12\\\/Captura-de-pantalla-2023-12-14-a-las-23.28.13-1-e1707819988835.png\",\"width\":552,\"height\":107,\"caption\":\"Natalie Capell\"},\"image\":{\"@id\":\"https:\\\/\\\/nataliecapell.com\\\/#\\\/schema\\\/logo\\\/image\\\/\"}}]}<\/script>\n<!-- \/ Yoast SEO plugin. -->","yoast_head_json":{"title":"Politica de privacidad - Natalie Capell","robots":{"index":"index","follow":"follow","max-snippet":"max-snippet:-1","max-image-preview":"max-image-preview:large","max-video-preview":"max-video-preview:-1"},"canonical":"https:\/\/nataliecapell.com\/politica-privacidad\/","og_locale":"es_ES","og_type":"article","og_title":"Politica de privacidad - Natalie Capell","og_description":"Politica de privacidad NATALIE CAPELL le informa que puede ejercer los derechos de acceso, rectificaci\u00f3n, limitaci\u00f3n, supresi\u00f3n, portabilidad y oposici\u00f3n al tratamiento de sus datos personales ante el Responsable del Tratamiento, as\u00ed como retirar el consentimiento otorgado. Derecho de Acceso: Es su derecho a obtener informaci\u00f3n sobre sus datos personales espec\u00edficos y sobre qu\u00e9 tratamiento [&hellip;]","og_url":"https:\/\/nataliecapell.com\/politica-privacidad\/","og_site_name":"Natalie Capell","article_modified_time":"2024-02-26T10:04:55+00:00","twitter_card":"summary_large_image","twitter_misc":{"Tiempo de lectura":"3 minutos"},"schema":{"@context":"https:\/\/schema.org","@graph":[{"@type":"WebPage","@id":"https:\/\/nataliecapell.com\/politica-privacidad\/","url":"https:\/\/nataliecapell.com\/politica-privacidad\/","name":"Politica de privacidad - Natalie Capell","isPartOf":{"@id":"https:\/\/nataliecapell.com\/#website"},"datePublished":"2023-09-06T14:39:46+00:00","dateModified":"2024-02-26T10:04:55+00:00","breadcrumb":{"@id":"https:\/\/nataliecapell.com\/politica-privacidad\/#breadcrumb"},"inLanguage":"es","potentialAction":[{"@type":"ReadAction","target":["https:\/\/nataliecapell.com\/politica-privacidad\/"]}]},{"@type":"BreadcrumbList","@id":"https:\/\/nataliecapell.com\/politica-privacidad\/#breadcrumb","itemListElement":[{"@type":"ListItem","position":1,"name":"Portada","item":"https:\/\/nataliecapell.com\/es\/"},{"@type":"ListItem","position":2,"name":"Politica de privacidad"}]},{"@type":"WebSite","@id":"https:\/\/nataliecapell.com\/#website","url":"https:\/\/nataliecapell.com\/","name":"Natalie Capell","description":"","publisher":{"@id":"https:\/\/nataliecapell.com\/#organization"},"potentialAction":[{"@type":"SearchAction","target":{"@type":"EntryPoint","urlTemplate":"https:\/\/nataliecapell.com\/?s={search_term_string}"},"query-input":{"@type":"PropertyValueSpecification","valueRequired":true,"valueName":"search_term_string"}}],"inLanguage":"es"},{"@type":"Organization","@id":"https:\/\/nataliecapell.com\/#organization","name":"Natalie Capell","url":"https:\/\/nataliecapell.com\/","logo":{"@type":"ImageObject","inLanguage":"es","@id":"https:\/\/nataliecapell.com\/#\/schema\/logo\/image\/","url":"https:\/\/nataliecapell.com\/wp-content\/uploads\/2023\/12\/Captura-de-pantalla-2023-12-14-a-las-23.28.13-1-e1707819988835.png","contentUrl":"https:\/\/nataliecapell.com\/wp-content\/uploads\/2023\/12\/Captura-de-pantalla-2023-12-14-a-las-23.28.13-1-e1707819988835.png","width":552,"height":107,"caption":"Natalie Capell"},"image":{"@id":"https:\/\/nataliecapell.com\/#\/schema\/logo\/image\/"}}]}},"_links":{"self":[{"href":"https:\/\/nataliecapell.com\/es\/wp-json\/wp\/v2\/pages\/670","targetHints":{"allow":["GET"]}}],"collection":[{"href":"https:\/\/nataliecapell.com\/es\/wp-json\/wp\/v2\/pages"}],"about":[{"href":"https:\/\/nataliecapell.com\/es\/wp-json\/wp\/v2\/types\/page"}],"author":[{"embeddable":true,"href":"https:\/\/nataliecapell.com\/es\/wp-json\/wp\/v2\/users\/2"}],"replies":[{"embeddable":true,"href":"https:\/\/nataliecapell.com\/es\/wp-json\/wp\/v2\/comments?post=670"}],"version-history":[{"count":27,"href":"https:\/\/nataliecapell.com\/es\/wp-json\/wp\/v2\/pages\/670\/revisions"}],"predecessor-version":[{"id":4076,"href":"https:\/\/nataliecapell.com\/es\/wp-json\/wp\/v2\/pages\/670\/revisions\/4076"}],"wp:attachment":[{"href":"https:\/\/nataliecapell.com\/es\/wp-json\/wp\/v2\/media?parent=670"}],"curies":[{"name":"wp","href":"https:\/\/api.w.org\/{rel}","templated":true}]}}