{"id":630,"date":"2023-09-06T13:40:14","date_gmt":"2023-09-06T13:40:14","guid":{"rendered":"https:\/\/nataliecapell.com\/?page_id=630"},"modified":"2024-07-08T12:36:05","modified_gmt":"2024-07-08T12:36:05","slug":"privacidad-de-cookies","status":"publish","type":"page","link":"https:\/\/nataliecapell.com\/es\/privacidad-de-cookies\/","title":{"rendered":"Privacidad de cookies"},"content":{"rendered":"\t\t<div data-elementor-type=\"wp-page\" data-elementor-id=\"630\" class=\"elementor elementor-630 elementor-265\" data-elementor-post-type=\"page\">\n\t\t\t\t\t\t<section class=\"elementor-section elementor-top-section elementor-element elementor-element-3948e925 elementor-section-full_width elementor-section-height-default elementor-section-height-default\" data-id=\"3948e925\" data-element_type=\"section\" data-e-type=\"section\" data-settings=\"{&quot;background_background&quot;:&quot;classic&quot;}\">\n\t\t\t\t\t\t\t<div class=\"elementor-background-overlay\"><\/div>\n\t\t\t\t\t\t\t<div class=\"elementor-container elementor-column-gap-default\">\n\t\t\t\t\t<div class=\"elementor-column elementor-col-100 elementor-top-column elementor-element elementor-element-3f3ef9cd\" data-id=\"3f3ef9cd\" data-element_type=\"column\" data-e-type=\"column\">\n\t\t\t<div class=\"elementor-widget-wrap elementor-element-populated\">\n\t\t\t\t\t\t<div class=\"elementor-element elementor-element-3cb4f3a4 elementor-widget elementor-widget-text-editor\" data-id=\"3cb4f3a4\" data-element_type=\"widget\" data-e-type=\"widget\" data-widget_type=\"text-editor.default\">\n\t\t\t\t<div class=\"elementor-widget-container\">\n\t\t\t\t\t\t\t\t\t<h4><b>Privacidad de cookies<\/b><\/h4><p>En cumplimiento de lo dispuesto en el art\u00edculo 22.2 de la Ley 34\/2002, de 11 de julio, de Servicios de la Sociedad de la Informaci\u00f3n y de Comercio Electr\u00f3nico (LSSI-CE), actualmente en vigor, NATALIE CAPELL debe dar cumplimiento a la obligaci\u00f3n de informar de qu\u00e9 cookies utiliza y con qu\u00e9 finalidad.<\/p><p>Este sitio web utiliza cookies y\/o tecnolog\u00edas similares que almacenan y recuperan informaci\u00f3n cuando usted navega. Las cookies permiten a una p\u00e1gina web, entre otras cosas, almacenar y recuperar informaci\u00f3n sobre sus h\u00e1bitos de navegaci\u00f3n o los de su dispositivo y, dependiendo de la informaci\u00f3n que contenga su dispositivo y de la forma en que lo utilice, pueden utilizarse para reconocerle cuando nos visite.<\/p><p>Las cookies son esenciales para el funcionamiento de Internet, ya que aportan innumerables ventajas en la prestaci\u00f3n de servicios interactivos y facilitan la navegaci\u00f3n y el uso de nuestra p\u00e1gina web.<\/p><p>La informaci\u00f3n proporcionada a continuaci\u00f3n le ayudar\u00e1 a comprender los diferentes tipos de cookies:<\/p><p>TIPOS DE COOKIES:<\/p><p>SEG\u00daN LA ENTIDAD QUE LAS GESTIONE:<\/p><p>Cookies propias<br \/>Estas cookies son recabadas por el propio editor del sitio web, con la finalidad de prestar el servicio solicitado por el usuario.<\/p><p>Cookies de terceros<br \/>Estas cookies son recabadas y gestionadas por un tercero, no pudiendo considerarse cookies propias.<\/p><p>SEG\u00daN EL TIEMPO QUE PERMANECEN ACTIVAS:<\/p><p>Cookies de sesi\u00f3n<br \/>Recaban informaci\u00f3n mientras el usuario navega por la p\u00e1gina web, con la finalidad de prestar el servicio solicitado.<\/p><p>Cookies persistentes<\/p><p>Se almacenan en el terminal y la informaci\u00f3n obtenida, ser\u00e1 utilizada por la entidad responsable de la cookie para prestar el servicio solicitado.<\/p><p>DE ACUERDO CON SU FINALIDAD:<\/p><p>Cookies t\u00e9cnicas<\/p><p>Son necesarias para la correcta navegaci\u00f3n por la web.<\/p><p>Cookies de personalizaci\u00f3n<\/p><p>Son aqu\u00e9llas que permiten al usuario la selecci\u00f3n de determinadas caracter\u00edsticas (por ejemplo, el idioma) durante su navegaci\u00f3n por la p\u00e1gina web.<\/p><p>Cookies anal\u00edticas<\/p><p>Son aqu\u00e9llas que permiten al prestador del servicio asociar el comportamiento de navegaci\u00f3n de un usuario con el fin de conocer el uso que \u00e9ste hace de la p\u00e1gina web y analizar estad\u00edsticas sobre los contenidos m\u00e1s visitados, n\u00famero de visitantes, etc.<\/p><p>Cookies publicitarias<\/p><p>Permiten al editor de un sitio web incluir en su p\u00e1gina anuncios adaptados a su contenido.<\/p><p>Cookies de publicidad comportamental<\/p><p>Permiten al editor del sitio web incluir en su p\u00e1gina anuncios adaptados a la informaci\u00f3n obtenida sobre los h\u00e1bitos de navegaci\u00f3n del usuario.<\/p><p>Tenga en cuenta que si acepta cookies de terceros, deber\u00e1 eliminarlas mediante las opciones de su navegador o el sistema ofrecido por el tercero.<\/p><p>A continuaci\u00f3n se ofrecen enlaces a distintos navegadores. Puede utilizar estos enlaces para cambiar la configuraci\u00f3n de su navegador en relaci\u00f3n con el uso de cookies:<\/p><p>Firefox desde aqu\u00ed:http:\/\/support.mozilla.org\/es\/kb\/habilitar-y-deshabilitar-cookies-que-los-sitios-we<\/p><p>Chrome desde aqu\u00ed:http:\/\/support.google.com\/chrome\/bin\/answer.py?hl=es&amp;answer=95647<\/p><p>Explorer desde aqu\u00ed: http:\/\/windows.microsoft.com\/es-es\/internet-explorer\/delete-manage-cookies#ie=ie-10<\/p><p>Safari desde aqu\u00ed: https:\/\/support.apple.com\/kb\/ph17191?locale=es_ES<\/p><p>Operafromhere:https:\/\/help.opera.com\/en\/latest\/web-preferences\/#cookies<\/p><p>Para obtener m\u00e1s informaci\u00f3n sobre el tratamiento de datos personales, le recomendamos que visite nuestra secci\u00f3n Pol\u00edtica de privacidad.<\/p>\t\t\t\t\t\t\t\t<\/div>\n\t\t\t\t<\/div>\n\t\t\t\t\t<\/div>\n\t\t<\/div>\n\t\t\t\t\t<\/div>\n\t\t<\/section>\n\t\t\t\t<\/div>\n\t\t","protected":false},"excerpt":{"rendered":"<p>Privacidad de cookies En cumplimiento de lo dispuesto en el art\u00edculo 22.2 de la Ley 34\/2002, de 11 de julio, de Servicios de la Sociedad de la Informaci\u00f3n y de Comercio Electr\u00f3nico (LSSI-CE), actualmente en vigor, NATALIE CAPELL debe dar cumplimiento a la obligaci\u00f3n de informar de qu\u00e9 cookies utiliza y con qu\u00e9 finalidad. Este [&hellip;]<\/p>\n","protected":false},"author":2,"featured_media":0,"parent":0,"menu_order":0,"comment_status":"closed","ping_status":"closed","template":"","meta":{"_acf_changed":false,"site-sidebar-layout":"default","site-content-layout":"","ast-site-content-layout":"default","site-content-style":"default","site-sidebar-style":"default","ast-global-header-display":"","ast-banner-title-visibility":"","ast-main-header-display":"","ast-hfb-above-header-display":"","ast-hfb-below-header-display":"","ast-hfb-mobile-header-display":"","site-post-title":"","ast-breadcrumbs-content":"","ast-featured-img":"","footer-sml-layout":"","ast-disable-related-posts":"","theme-transparent-header-meta":"","adv-header-id-meta":"","stick-header-meta":"","header-above-stick-meta":"","header-main-stick-meta":"","header-below-stick-meta":"","astra-migrate-meta-layouts":"default","ast-page-background-enabled":"default","ast-page-background-meta":{"desktop":{"background-color":"var(--ast-global-color-4)","background-image":"","background-repeat":"repeat","background-position":"center center","background-size":"auto","background-attachment":"scroll","background-type":"","background-media":"","overlay-type":"","overlay-color":"","overlay-opacity":"","overlay-gradient":""},"tablet":{"background-color":"","background-image":"","background-repeat":"repeat","background-position":"center center","background-size":"auto","background-attachment":"scroll","background-type":"","background-media":"","overlay-type":"","overlay-color":"","overlay-opacity":"","overlay-gradient":""},"mobile":{"background-color":"","background-image":"","background-repeat":"repeat","background-position":"center center","background-size":"auto","background-attachment":"scroll","background-type":"","background-media":"","overlay-type":"","overlay-color":"","overlay-opacity":"","overlay-gradient":""}},"ast-content-background-meta":{"desktop":{"background-color":"var(--ast-global-color-5)","background-image":"","background-repeat":"repeat","background-position":"center center","background-size":"auto","background-attachment":"scroll","background-type":"","background-media":"","overlay-type":"","overlay-color":"","overlay-opacity":"","overlay-gradient":""},"tablet":{"background-color":"var(--ast-global-color-5)","background-image":"","background-repeat":"repeat","background-position":"center center","background-size":"auto","background-attachment":"scroll","background-type":"","background-media":"","overlay-type":"","overlay-color":"","overlay-opacity":"","overlay-gradient":""},"mobile":{"background-color":"var(--ast-global-color-5)","background-image":"","background-repeat":"repeat","background-position":"center center","background-size":"auto","background-attachment":"scroll","background-type":"","background-media":"","overlay-type":"","overlay-color":"","overlay-opacity":"","overlay-gradient":""}},"footnotes":""},"class_list":["post-630","page","type-page","status-publish","hentry"],"acf":[],"yoast_head":"<!-- This site is optimized with the Yoast SEO plugin v27.3 - https:\/\/yoast.com\/product\/yoast-seo-wordpress\/ -->\n<title>Privacidad de cookies - Natalie Capell<\/title>\n<meta name=\"robots\" content=\"index, follow, max-snippet:-1, max-image-preview:large, max-video-preview:-1\" \/>\n<link rel=\"canonical\" href=\"https:\/\/nataliecapell.com\/cookies-policy\/\" \/>\n<meta property=\"og:locale\" content=\"es_ES\" \/>\n<meta property=\"og:type\" content=\"article\" \/>\n<meta property=\"og:title\" content=\"Privacidad de cookies - Natalie Capell\" \/>\n<meta property=\"og:description\" content=\"Privacidad de cookies En cumplimiento de lo dispuesto en el art\u00edculo 22.2 de la Ley 34\/2002, de 11 de julio, de Servicios de la Sociedad de la Informaci\u00f3n y de Comercio Electr\u00f3nico (LSSI-CE), actualmente en vigor, NATALIE CAPELL debe dar cumplimiento a la obligaci\u00f3n de informar de qu\u00e9 cookies utiliza y con qu\u00e9 finalidad. Este [&hellip;]\" \/>\n<meta property=\"og:url\" content=\"https:\/\/nataliecapell.com\/cookies-policy\/\" \/>\n<meta property=\"og:site_name\" content=\"Natalie Capell\" \/>\n<meta property=\"article:modified_time\" content=\"2024-07-08T12:36:05+00:00\" \/>\n<meta name=\"twitter:card\" content=\"summary_large_image\" \/>\n<meta name=\"twitter:label1\" content=\"Tiempo de lectura\" \/>\n\t<meta name=\"twitter:data1\" content=\"3 minutos\" \/>\n<script type=\"application\/ld+json\" class=\"yoast-schema-graph\">{\"@context\":\"https:\\\/\\\/schema.org\",\"@graph\":[{\"@type\":\"WebPage\",\"@id\":\"https:\\\/\\\/nataliecapell.com\\\/cookies-policy\\\/\",\"url\":\"https:\\\/\\\/nataliecapell.com\\\/cookies-policy\\\/\",\"name\":\"Privacidad de cookies - Natalie Capell\",\"isPartOf\":{\"@id\":\"https:\\\/\\\/nataliecapell.com\\\/#website\"},\"datePublished\":\"2023-09-06T13:40:14+00:00\",\"dateModified\":\"2024-07-08T12:36:05+00:00\",\"breadcrumb\":{\"@id\":\"https:\\\/\\\/nataliecapell.com\\\/cookies-policy\\\/#breadcrumb\"},\"inLanguage\":\"es\",\"potentialAction\":[{\"@type\":\"ReadAction\",\"target\":[\"https:\\\/\\\/nataliecapell.com\\\/cookies-policy\\\/\"]}]},{\"@type\":\"BreadcrumbList\",\"@id\":\"https:\\\/\\\/nataliecapell.com\\\/cookies-policy\\\/#breadcrumb\",\"itemListElement\":[{\"@type\":\"ListItem\",\"position\":1,\"name\":\"Portada\",\"item\":\"https:\\\/\\\/nataliecapell.com\\\/es\\\/\"},{\"@type\":\"ListItem\",\"position\":2,\"name\":\"Privacidad de cookies\"}]},{\"@type\":\"WebSite\",\"@id\":\"https:\\\/\\\/nataliecapell.com\\\/#website\",\"url\":\"https:\\\/\\\/nataliecapell.com\\\/\",\"name\":\"Natalie Capell\",\"description\":\"\",\"publisher\":{\"@id\":\"https:\\\/\\\/nataliecapell.com\\\/#organization\"},\"potentialAction\":[{\"@type\":\"SearchAction\",\"target\":{\"@type\":\"EntryPoint\",\"urlTemplate\":\"https:\\\/\\\/nataliecapell.com\\\/?s={search_term_string}\"},\"query-input\":{\"@type\":\"PropertyValueSpecification\",\"valueRequired\":true,\"valueName\":\"search_term_string\"}}],\"inLanguage\":\"es\"},{\"@type\":\"Organization\",\"@id\":\"https:\\\/\\\/nataliecapell.com\\\/#organization\",\"name\":\"Natalie Capell\",\"url\":\"https:\\\/\\\/nataliecapell.com\\\/\",\"logo\":{\"@type\":\"ImageObject\",\"inLanguage\":\"es\",\"@id\":\"https:\\\/\\\/nataliecapell.com\\\/#\\\/schema\\\/logo\\\/image\\\/\",\"url\":\"https:\\\/\\\/nataliecapell.com\\\/wp-content\\\/uploads\\\/2023\\\/12\\\/Captura-de-pantalla-2023-12-14-a-las-23.28.13-1-e1707819988835.png\",\"contentUrl\":\"https:\\\/\\\/nataliecapell.com\\\/wp-content\\\/uploads\\\/2023\\\/12\\\/Captura-de-pantalla-2023-12-14-a-las-23.28.13-1-e1707819988835.png\",\"width\":552,\"height\":107,\"caption\":\"Natalie Capell\"},\"image\":{\"@id\":\"https:\\\/\\\/nataliecapell.com\\\/#\\\/schema\\\/logo\\\/image\\\/\"}}]}<\/script>\n<!-- \/ Yoast SEO plugin. -->","yoast_head_json":{"title":"Privacidad de cookies - Natalie Capell","robots":{"index":"index","follow":"follow","max-snippet":"max-snippet:-1","max-image-preview":"max-image-preview:large","max-video-preview":"max-video-preview:-1"},"canonical":"https:\/\/nataliecapell.com\/cookies-policy\/","og_locale":"es_ES","og_type":"article","og_title":"Privacidad de cookies - Natalie Capell","og_description":"Privacidad de cookies En cumplimiento de lo dispuesto en el art\u00edculo 22.2 de la Ley 34\/2002, de 11 de julio, de Servicios de la Sociedad de la Informaci\u00f3n y de Comercio Electr\u00f3nico (LSSI-CE), actualmente en vigor, NATALIE CAPELL debe dar cumplimiento a la obligaci\u00f3n de informar de qu\u00e9 cookies utiliza y con qu\u00e9 finalidad. Este [&hellip;]","og_url":"https:\/\/nataliecapell.com\/cookies-policy\/","og_site_name":"Natalie Capell","article_modified_time":"2024-07-08T12:36:05+00:00","twitter_card":"summary_large_image","twitter_misc":{"Tiempo de lectura":"3 minutos"},"schema":{"@context":"https:\/\/schema.org","@graph":[{"@type":"WebPage","@id":"https:\/\/nataliecapell.com\/cookies-policy\/","url":"https:\/\/nataliecapell.com\/cookies-policy\/","name":"Privacidad de cookies - Natalie Capell","isPartOf":{"@id":"https:\/\/nataliecapell.com\/#website"},"datePublished":"2023-09-06T13:40:14+00:00","dateModified":"2024-07-08T12:36:05+00:00","breadcrumb":{"@id":"https:\/\/nataliecapell.com\/cookies-policy\/#breadcrumb"},"inLanguage":"es","potentialAction":[{"@type":"ReadAction","target":["https:\/\/nataliecapell.com\/cookies-policy\/"]}]},{"@type":"BreadcrumbList","@id":"https:\/\/nataliecapell.com\/cookies-policy\/#breadcrumb","itemListElement":[{"@type":"ListItem","position":1,"name":"Portada","item":"https:\/\/nataliecapell.com\/es\/"},{"@type":"ListItem","position":2,"name":"Privacidad de cookies"}]},{"@type":"WebSite","@id":"https:\/\/nataliecapell.com\/#website","url":"https:\/\/nataliecapell.com\/","name":"Natalie Capell","description":"","publisher":{"@id":"https:\/\/nataliecapell.com\/#organization"},"potentialAction":[{"@type":"SearchAction","target":{"@type":"EntryPoint","urlTemplate":"https:\/\/nataliecapell.com\/?s={search_term_string}"},"query-input":{"@type":"PropertyValueSpecification","valueRequired":true,"valueName":"search_term_string"}}],"inLanguage":"es"},{"@type":"Organization","@id":"https:\/\/nataliecapell.com\/#organization","name":"Natalie Capell","url":"https:\/\/nataliecapell.com\/","logo":{"@type":"ImageObject","inLanguage":"es","@id":"https:\/\/nataliecapell.com\/#\/schema\/logo\/image\/","url":"https:\/\/nataliecapell.com\/wp-content\/uploads\/2023\/12\/Captura-de-pantalla-2023-12-14-a-las-23.28.13-1-e1707819988835.png","contentUrl":"https:\/\/nataliecapell.com\/wp-content\/uploads\/2023\/12\/Captura-de-pantalla-2023-12-14-a-las-23.28.13-1-e1707819988835.png","width":552,"height":107,"caption":"Natalie Capell"},"image":{"@id":"https:\/\/nataliecapell.com\/#\/schema\/logo\/image\/"}}]}},"_links":{"self":[{"href":"https:\/\/nataliecapell.com\/es\/wp-json\/wp\/v2\/pages\/630","targetHints":{"allow":["GET"]}}],"collection":[{"href":"https:\/\/nataliecapell.com\/es\/wp-json\/wp\/v2\/pages"}],"about":[{"href":"https:\/\/nataliecapell.com\/es\/wp-json\/wp\/v2\/types\/page"}],"author":[{"embeddable":true,"href":"https:\/\/nataliecapell.com\/es\/wp-json\/wp\/v2\/users\/2"}],"replies":[{"embeddable":true,"href":"https:\/\/nataliecapell.com\/es\/wp-json\/wp\/v2\/comments?post=630"}],"version-history":[{"count":45,"href":"https:\/\/nataliecapell.com\/es\/wp-json\/wp\/v2\/pages\/630\/revisions"}],"predecessor-version":[{"id":5508,"href":"https:\/\/nataliecapell.com\/es\/wp-json\/wp\/v2\/pages\/630\/revisions\/5508"}],"wp:attachment":[{"href":"https:\/\/nataliecapell.com\/es\/wp-json\/wp\/v2\/media?parent=630"}],"curies":[{"name":"wp","href":"https:\/\/api.w.org\/{rel}","templated":true}]}}