{"id":608,"date":"2023-09-06T12:49:47","date_gmt":"2023-09-06T12:49:47","guid":{"rendered":"https:\/\/nataliecapell.com\/?page_id=608"},"modified":"2024-02-26T09:43:07","modified_gmt":"2024-02-26T09:43:07","slug":"proceso-de-compra","status":"publish","type":"page","link":"https:\/\/nataliecapell.com\/es\/proceso-de-compra\/","title":{"rendered":"Proceso de compra"},"content":{"rendered":"\t\t<div data-elementor-type=\"wp-page\" data-elementor-id=\"608\" class=\"elementor elementor-608 elementor-386\" data-elementor-post-type=\"page\">\n\t\t\t\t\t\t<section class=\"elementor-section elementor-top-section elementor-element elementor-element-fe9667b elementor-section-boxed elementor-section-height-default elementor-section-height-default\" data-id=\"fe9667b\" data-element_type=\"section\" data-e-type=\"section\" data-settings=\"{&quot;background_background&quot;:&quot;classic&quot;}\">\n\t\t\t\t\t\t<div class=\"elementor-container elementor-column-gap-default\">\n\t\t\t\t\t<div class=\"elementor-column elementor-col-100 elementor-top-column elementor-element elementor-element-328d8d1\" data-id=\"328d8d1\" data-element_type=\"column\" data-e-type=\"column\">\n\t\t\t<div class=\"elementor-widget-wrap elementor-element-populated\">\n\t\t\t\t\t\t<div class=\"elementor-element elementor-element-ac6b7ec elementor-widget elementor-widget-text-editor\" data-id=\"ac6b7ec\" data-element_type=\"widget\" data-e-type=\"widget\" data-widget_type=\"text-editor.default\">\n\t\t\t\t<div class=\"elementor-widget-container\">\n\t\t\t\t\t\t\t\t\t<p><span style=\"font-style: inherit; font-weight: inherit;\">Proceso de Compra<\/span><\/p>\n<p>La esencia de mis creaciones es mostrar la feminidad y la belleza \u00fanica de cada una de vosotras. Mis vestidos est\u00e1n hechos a mano en mi Atelier, y por mi larga experiencia, puedo decir que siempre hay un vestido hecho especialmente para ti.<\/p>\n<p>Llevo a\u00f1os observando y estudiando patrones y tejidos, y esto me permite ajustar tu vestido de forma que te sirva durante muchos a\u00f1os, acompa\u00f1ando tu feminidad y sus cambios, para que te sientas c\u00f3moda y libre.<\/p>\n<p><span style=\"font-style: inherit; font-weight: inherit;\">Me encantar\u00eda estar contigo mientras eliges el vestido que m\u00e1s te favorece, conoci\u00e9ndote y acompa\u00f1\u00e1ndote, ya sea por tel\u00e9fono, zoom, WhatsApp o correo electr\u00f3nico, lo que m\u00e1s te convenga.&nbsp;<\/span><span style=\"font-style: inherit; font-weight: inherit;\">Con cari\u00f1o y respeto, juntos atenderemos tus necesidades y preferencias.<\/span><\/p>\n<p><span style=\"font-style: inherit; font-weight: inherit;\">Durante la elecci\u00f3n de la pieza, te sugerir\u00e9 los complementos que mejor podr\u00edan acompa\u00f1ar al vestido y, si es necesario, los te\u00f1ir\u00e9 y crear\u00e9 especialmente para tu vestido.Espero que el proceso de selecci\u00f3n y compra en este sitio web sea similar al proceso privado e \u00edntimo que las mujeres han experimentado desde 2002 al entrar en la boutique.<\/span><\/p>\n<p>El proceso incluye:<\/p>\n<p>1. Selecci\u00f3n del modelo del vestido<\/p>\n<p>2. Elegir la combinaci\u00f3n de colores de su vestido y la del bordado<\/p>\n<p>3. El pago<\/p>\n<p>4. Recibir una explicaci\u00f3n sobre c\u00f3mo tomarte las medidas y envi\u00e1rmelas. Esto me permitir\u00e1 tallar tu vestido perfectamente a tu medida.<\/p>\n<p>5. Confecci\u00f3n del vestido a su medida, este es un proceso que puede durar entre un par de semanas y varios meses.<\/p>\n<p>6. Env\u00edo del vestido<\/p>\n<p>7. Una vez que recibas el vestido me gustar\u00eda saber c\u00f3mo te queda el vestido, compartir el momento en que te pruebas el vestido y la sensaci\u00f3n que tienes.<\/p>\n<p>Estaremos en contacto durante todo el proceso, lo recorreremos juntos y crear\u00e9 el vestido, hecho a mano especialmente para ti, con conocimiento, dedicaci\u00f3n, paciencia y amor.<\/p>\t\t\t\t\t\t\t\t<\/div>\n\t\t\t\t<\/div>\n\t\t\t\t\t<\/div>\n\t\t<\/div>\n\t\t\t\t\t<\/div>\n\t\t<\/section>\n\t\t\t\t<\/div>\n\t\t","protected":false},"excerpt":{"rendered":"<p>Proceso de Compra La esencia de mis creaciones es mostrar la feminidad y la belleza \u00fanica de cada una de vosotras. Mis vestidos est\u00e1n hechos a mano en mi Atelier, y por mi larga experiencia, puedo decir que siempre hay un vestido hecho especialmente para ti. Llevo a\u00f1os observando y estudiando patrones y tejidos, y [&hellip;]<\/p>\n","protected":false},"author":2,"featured_media":0,"parent":0,"menu_order":0,"comment_status":"closed","ping_status":"closed","template":"elementor_header_footer","meta":{"_acf_changed":false,"site-sidebar-layout":"default","site-content-layout":"","ast-site-content-layout":"default","site-content-style":"default","site-sidebar-style":"default","ast-global-header-display":"","ast-banner-title-visibility":"","ast-main-header-display":"","ast-hfb-above-header-display":"","ast-hfb-below-header-display":"","ast-hfb-mobile-header-display":"","site-post-title":"","ast-breadcrumbs-content":"","ast-featured-img":"","footer-sml-layout":"","ast-disable-related-posts":"","theme-transparent-header-meta":"","adv-header-id-meta":"","stick-header-meta":"","header-above-stick-meta":"","header-main-stick-meta":"","header-below-stick-meta":"","astra-migrate-meta-layouts":"default","ast-page-background-enabled":"default","ast-page-background-meta":{"desktop":{"background-color":"var(--ast-global-color-4)","background-image":"","background-repeat":"repeat","background-position":"center center","background-size":"auto","background-attachment":"scroll","background-type":"","background-media":"","overlay-type":"","overlay-color":"","overlay-opacity":"","overlay-gradient":""},"tablet":{"background-color":"","background-image":"","background-repeat":"repeat","background-position":"center center","background-size":"auto","background-attachment":"scroll","background-type":"","background-media":"","overlay-type":"","overlay-color":"","overlay-opacity":"","overlay-gradient":""},"mobile":{"background-color":"","background-image":"","background-repeat":"repeat","background-position":"center center","background-size":"auto","background-attachment":"scroll","background-type":"","background-media":"","overlay-type":"","overlay-color":"","overlay-opacity":"","overlay-gradient":""}},"ast-content-background-meta":{"desktop":{"background-color":"var(--ast-global-color-5)","background-image":"","background-repeat":"repeat","background-position":"center center","background-size":"auto","background-attachment":"scroll","background-type":"","background-media":"","overlay-type":"","overlay-color":"","overlay-opacity":"","overlay-gradient":""},"tablet":{"background-color":"var(--ast-global-color-5)","background-image":"","background-repeat":"repeat","background-position":"center center","background-size":"auto","background-attachment":"scroll","background-type":"","background-media":"","overlay-type":"","overlay-color":"","overlay-opacity":"","overlay-gradient":""},"mobile":{"background-color":"var(--ast-global-color-5)","background-image":"","background-repeat":"repeat","background-position":"center center","background-size":"auto","background-attachment":"scroll","background-type":"","background-media":"","overlay-type":"","overlay-color":"","overlay-opacity":"","overlay-gradient":""}},"footnotes":""},"class_list":["post-608","page","type-page","status-publish","hentry"],"acf":[],"yoast_head":"<!-- This site is optimized with the Yoast SEO plugin v27.4 - https:\/\/yoast.com\/product\/yoast-seo-wordpress\/ -->\n<title>Proceso de compra - Natalie Capell<\/title>\n<meta name=\"robots\" content=\"index, follow, max-snippet:-1, max-image-preview:large, max-video-preview:-1\" \/>\n<link rel=\"canonical\" href=\"https:\/\/nataliecapell.com\/buying-process\/\" \/>\n<meta property=\"og:locale\" content=\"es_ES\" \/>\n<meta property=\"og:type\" content=\"article\" \/>\n<meta property=\"og:title\" content=\"Proceso de compra - Natalie Capell\" \/>\n<meta property=\"og:description\" content=\"Proceso de Compra La esencia de mis creaciones es mostrar la feminidad y la belleza \u00fanica de cada una de vosotras. Mis vestidos est\u00e1n hechos a mano en mi Atelier, y por mi larga experiencia, puedo decir que siempre hay un vestido hecho especialmente para ti. Llevo a\u00f1os observando y estudiando patrones y tejidos, y [&hellip;]\" \/>\n<meta property=\"og:url\" content=\"https:\/\/nataliecapell.com\/buying-process\/\" \/>\n<meta property=\"og:site_name\" content=\"Natalie Capell\" \/>\n<meta property=\"article:modified_time\" content=\"2024-02-26T09:43:07+00:00\" \/>\n<meta name=\"twitter:card\" content=\"summary_large_image\" \/>\n<meta name=\"twitter:label1\" content=\"Tiempo de lectura\" \/>\n\t<meta name=\"twitter:data1\" content=\"2 minutos\" \/>\n<script type=\"application\/ld+json\" class=\"yoast-schema-graph\">{\"@context\":\"https:\\\/\\\/schema.org\",\"@graph\":[{\"@type\":\"WebPage\",\"@id\":\"https:\\\/\\\/nataliecapell.com\\\/buying-process\\\/\",\"url\":\"https:\\\/\\\/nataliecapell.com\\\/buying-process\\\/\",\"name\":\"Proceso de compra - Natalie Capell\",\"isPartOf\":{\"@id\":\"https:\\\/\\\/nataliecapell.com\\\/#website\"},\"datePublished\":\"2023-09-06T12:49:47+00:00\",\"dateModified\":\"2024-02-26T09:43:07+00:00\",\"breadcrumb\":{\"@id\":\"https:\\\/\\\/nataliecapell.com\\\/buying-process\\\/#breadcrumb\"},\"inLanguage\":\"es\",\"potentialAction\":[{\"@type\":\"ReadAction\",\"target\":[\"https:\\\/\\\/nataliecapell.com\\\/buying-process\\\/\"]}]},{\"@type\":\"BreadcrumbList\",\"@id\":\"https:\\\/\\\/nataliecapell.com\\\/buying-process\\\/#breadcrumb\",\"itemListElement\":[{\"@type\":\"ListItem\",\"position\":1,\"name\":\"Portada\",\"item\":\"https:\\\/\\\/nataliecapell.com\\\/es\\\/\"},{\"@type\":\"ListItem\",\"position\":2,\"name\":\"Proceso de compra\"}]},{\"@type\":\"WebSite\",\"@id\":\"https:\\\/\\\/nataliecapell.com\\\/#website\",\"url\":\"https:\\\/\\\/nataliecapell.com\\\/\",\"name\":\"Natalie Capell\",\"description\":\"\",\"publisher\":{\"@id\":\"https:\\\/\\\/nataliecapell.com\\\/#organization\"},\"potentialAction\":[{\"@type\":\"SearchAction\",\"target\":{\"@type\":\"EntryPoint\",\"urlTemplate\":\"https:\\\/\\\/nataliecapell.com\\\/?s={search_term_string}\"},\"query-input\":{\"@type\":\"PropertyValueSpecification\",\"valueRequired\":true,\"valueName\":\"search_term_string\"}}],\"inLanguage\":\"es\"},{\"@type\":\"Organization\",\"@id\":\"https:\\\/\\\/nataliecapell.com\\\/#organization\",\"name\":\"Natalie Capell\",\"url\":\"https:\\\/\\\/nataliecapell.com\\\/\",\"logo\":{\"@type\":\"ImageObject\",\"inLanguage\":\"es\",\"@id\":\"https:\\\/\\\/nataliecapell.com\\\/#\\\/schema\\\/logo\\\/image\\\/\",\"url\":\"https:\\\/\\\/nataliecapell.com\\\/wp-content\\\/uploads\\\/2023\\\/12\\\/Captura-de-pantalla-2023-12-14-a-las-23.28.13-1-e1707819988835.png\",\"contentUrl\":\"https:\\\/\\\/nataliecapell.com\\\/wp-content\\\/uploads\\\/2023\\\/12\\\/Captura-de-pantalla-2023-12-14-a-las-23.28.13-1-e1707819988835.png\",\"width\":552,\"height\":107,\"caption\":\"Natalie Capell\"},\"image\":{\"@id\":\"https:\\\/\\\/nataliecapell.com\\\/#\\\/schema\\\/logo\\\/image\\\/\"}}]}<\/script>\n<!-- \/ Yoast SEO plugin. -->","yoast_head_json":{"title":"Proceso de compra - Natalie Capell","robots":{"index":"index","follow":"follow","max-snippet":"max-snippet:-1","max-image-preview":"max-image-preview:large","max-video-preview":"max-video-preview:-1"},"canonical":"https:\/\/nataliecapell.com\/buying-process\/","og_locale":"es_ES","og_type":"article","og_title":"Proceso de compra - Natalie Capell","og_description":"Proceso de Compra La esencia de mis creaciones es mostrar la feminidad y la belleza \u00fanica de cada una de vosotras. Mis vestidos est\u00e1n hechos a mano en mi Atelier, y por mi larga experiencia, puedo decir que siempre hay un vestido hecho especialmente para ti. Llevo a\u00f1os observando y estudiando patrones y tejidos, y [&hellip;]","og_url":"https:\/\/nataliecapell.com\/buying-process\/","og_site_name":"Natalie Capell","article_modified_time":"2024-02-26T09:43:07+00:00","twitter_card":"summary_large_image","twitter_misc":{"Tiempo de lectura":"2 minutos"},"schema":{"@context":"https:\/\/schema.org","@graph":[{"@type":"WebPage","@id":"https:\/\/nataliecapell.com\/buying-process\/","url":"https:\/\/nataliecapell.com\/buying-process\/","name":"Proceso de compra - Natalie Capell","isPartOf":{"@id":"https:\/\/nataliecapell.com\/#website"},"datePublished":"2023-09-06T12:49:47+00:00","dateModified":"2024-02-26T09:43:07+00:00","breadcrumb":{"@id":"https:\/\/nataliecapell.com\/buying-process\/#breadcrumb"},"inLanguage":"es","potentialAction":[{"@type":"ReadAction","target":["https:\/\/nataliecapell.com\/buying-process\/"]}]},{"@type":"BreadcrumbList","@id":"https:\/\/nataliecapell.com\/buying-process\/#breadcrumb","itemListElement":[{"@type":"ListItem","position":1,"name":"Portada","item":"https:\/\/nataliecapell.com\/es\/"},{"@type":"ListItem","position":2,"name":"Proceso de compra"}]},{"@type":"WebSite","@id":"https:\/\/nataliecapell.com\/#website","url":"https:\/\/nataliecapell.com\/","name":"Natalie Capell","description":"","publisher":{"@id":"https:\/\/nataliecapell.com\/#organization"},"potentialAction":[{"@type":"SearchAction","target":{"@type":"EntryPoint","urlTemplate":"https:\/\/nataliecapell.com\/?s={search_term_string}"},"query-input":{"@type":"PropertyValueSpecification","valueRequired":true,"valueName":"search_term_string"}}],"inLanguage":"es"},{"@type":"Organization","@id":"https:\/\/nataliecapell.com\/#organization","name":"Natalie Capell","url":"https:\/\/nataliecapell.com\/","logo":{"@type":"ImageObject","inLanguage":"es","@id":"https:\/\/nataliecapell.com\/#\/schema\/logo\/image\/","url":"https:\/\/nataliecapell.com\/wp-content\/uploads\/2023\/12\/Captura-de-pantalla-2023-12-14-a-las-23.28.13-1-e1707819988835.png","contentUrl":"https:\/\/nataliecapell.com\/wp-content\/uploads\/2023\/12\/Captura-de-pantalla-2023-12-14-a-las-23.28.13-1-e1707819988835.png","width":552,"height":107,"caption":"Natalie Capell"},"image":{"@id":"https:\/\/nataliecapell.com\/#\/schema\/logo\/image\/"}}]}},"_links":{"self":[{"href":"https:\/\/nataliecapell.com\/es\/wp-json\/wp\/v2\/pages\/608","targetHints":{"allow":["GET"]}}],"collection":[{"href":"https:\/\/nataliecapell.com\/es\/wp-json\/wp\/v2\/pages"}],"about":[{"href":"https:\/\/nataliecapell.com\/es\/wp-json\/wp\/v2\/types\/page"}],"author":[{"embeddable":true,"href":"https:\/\/nataliecapell.com\/es\/wp-json\/wp\/v2\/users\/2"}],"replies":[{"embeddable":true,"href":"https:\/\/nataliecapell.com\/es\/wp-json\/wp\/v2\/comments?post=608"}],"version-history":[{"count":50,"href":"https:\/\/nataliecapell.com\/es\/wp-json\/wp\/v2\/pages\/608\/revisions"}],"predecessor-version":[{"id":3944,"href":"https:\/\/nataliecapell.com\/es\/wp-json\/wp\/v2\/pages\/608\/revisions\/3944"}],"wp:attachment":[{"href":"https:\/\/nataliecapell.com\/es\/wp-json\/wp\/v2\/media?parent=608"}],"curies":[{"name":"wp","href":"https:\/\/api.w.org\/{rel}","templated":true}]}}