{"id":517,"date":"2020-09-01T10:53:01","date_gmt":"2020-09-01T10:53:01","guid":{"rendered":"https:\/\/nataliecapell.com\/new\/terms-and-conditions\/"},"modified":"2024-07-08T14:36:29","modified_gmt":"2024-07-08T14:36:29","slug":"terminos-y-condiciones","status":"publish","type":"page","link":"https:\/\/nataliecapell.com\/es\/terminos-y-condiciones\/","title":{"rendered":"Terminos y Condiciones"},"content":{"rendered":"\t\t<div data-elementor-type=\"wp-page\" data-elementor-id=\"517\" class=\"elementor elementor-517 elementor-230\" data-elementor-post-type=\"page\">\n\t\t\t\t\t\t<section class=\"elementor-section elementor-top-section elementor-element elementor-element-a9530f2 elementor-section-boxed elementor-section-height-default elementor-section-height-default\" data-id=\"a9530f2\" data-element_type=\"section\" data-e-type=\"section\" data-settings=\"{&quot;background_background&quot;:&quot;classic&quot;}\">\n\t\t\t\t\t\t<div class=\"elementor-container elementor-column-gap-default\">\n\t\t\t\t\t<div class=\"elementor-column elementor-col-100 elementor-top-column elementor-element elementor-element-57ca062\" data-id=\"57ca062\" data-element_type=\"column\" data-e-type=\"column\">\n\t\t\t<div class=\"elementor-widget-wrap elementor-element-populated\">\n\t\t\t\t\t\t<div class=\"elementor-element elementor-element-4d747a9 elementor-widget elementor-widget-heading\" data-id=\"4d747a9\" data-element_type=\"widget\" data-e-type=\"widget\" data-widget_type=\"heading.default\">\n\t\t\t\t<div class=\"elementor-widget-container\">\n\t\t\t\t\t<h1 class=\"elementor-heading-title elementor-size-default\">T\u00e9rminos y condiciones<\/h1>\t\t\t\t<\/div>\n\t\t\t\t<\/div>\n\t\t\t\t<div class=\"elementor-element elementor-element-d061965 elementor-widget-mobile__width-initial elementor-widget elementor-widget-text-editor\" data-id=\"d061965\" data-element_type=\"widget\" data-e-type=\"widget\" data-widget_type=\"text-editor.default\">\n\t\t\t\t<div class=\"elementor-widget-container\">\n\t\t\t\t\t\t\t\t\t<p>En cumplimiento de la Ley 34\/2002, de 11 de julio, de Servicios de la Sociedad de la Informaci\u00f3n y Comercio Electr\u00f3nico (LSSI- CE), NATALIE CAPELL le informa que es titular del sitio web. En cumplimiento del art\u00edculo 10 de dicha Ley, NATALIE CAPELL le facilita la siguiente informaci\u00f3n:<\/p><p>RAZ\u00d3N SOCIAL: NATALIE CAPELL<br \/>NIF: 46990804X<br \/><span style=\"font-size: 16px;\">DIRECCI\u00d3N POSTAL: C\/ PUTXET 81, ATICO 08023, BARCELONA<br \/><\/span>DIRECCI\u00d3N ELECTR\u00d3NICA: atelier@nataliecapell.com<br \/>TEL\u00c9FONOS: 933 199 219<br \/>OBJETO PRINCIPAL: Confecci\u00f3n de vestido a medida<br \/>USUARIO Y R\u00c9GIMEN DE RESPONSABILIDADES<\/p><p>La navegaci\u00f3n, acceso y uso por el sitio web de NATALIE CAPELL confiere la condici\u00f3n de usuario, por la que se aceptan, desde la navegaci\u00f3n por el sitio web de NATALIE CAPELL, todas las condiciones de uso aqu\u00ed establecidas sin perjuicio de la aplicaci\u00f3n de la correspondiente normativa de obligado cumplimiento legal seg\u00fan el caso.<\/p><p>El sitio web de NATALIE CAPELL proporciona gran diversidad de informaci\u00f3n, servicios y datos. El usuario asume su responsabilidad en el uso correcto del sitio web. Esta responsabilidad se extender\u00e1 a:<\/p><p>La veracidad y licitud de las informaciones aportadas por el usuario en los formularios extendidos por NATALIE CAPELL para el acceso a ciertos contenidos o servicios ofrecidos por el web.<\/p><p>El uso de la informaci\u00f3n, servicios y datos ofrecidos por NATALIE CAPELL contrariamente a lo dispuesto por las presentes condiciones, la Ley, la moral, las buenas costumbres o el orden p\u00fablico, o que de cualquier otro modo puedan suponer lesi\u00f3n de los derechos de terceros o del mismo funcionamiento del sitio web.<\/p><p>POL\u00cdTICA DE ENLACES Y EXENCIONES DE RESPONSABILIDAD<\/p><p>NATALIE CAPELL no se hace responsable del contenido de los sitios web a los que el usuario pueda acceder a trav\u00e9s de los enlaces establecidos en su sitio web y declara que en ning\u00fan caso proceder\u00e1 a examinar o ejercitar ning\u00fan tipo de control sobre el contenido de otros sitios de la red. Asimismo, tampoco garantizar\u00e1 la disponibilidad t\u00e9cnica, exactitud, veracidad, validez o legalidad de sitios ajenos a su propiedad a los que se pueda acceder por medio de los enlaces.<\/p><p>NATALIE CAPELL declara haber adoptado todas las medidas necesarias para evitar cualquier da\u00f1o a los usuarios de su sitio web, que pudieran derivarse de la navegaci\u00f3n por su sitio web. En consecuencia, NATALIE CAPELL no se hace responsable, en ning\u00fan caso, de los eventuales da\u00f1os que por la navegaci\u00f3n por Internet pudiera sufrir el usuario.<\/p><p>asesoramiento y adaptaci\u00f3n a la lssi-ce \u00b7 documentaci\u00f3n<\/p><p>MODIFICACIONES<\/p><p>NATALIE CAPELL se reserva el derecho a realizar las modificaciones que considere oportunas, sin aviso previo, en el contenido de su sitio web. Tanto en lo referente a los contenidos del sitio web, como en las condiciones de uso del mismo, o en las condiciones generales de contrataci\u00f3n. Dichas modificaciones podr\u00e1n realizarse a trav\u00e9s de su sitio web por cualquier forma admisible en derecho y ser\u00e1n de obligado cumplimiento durante el tiempo en que se encuentren publicadas en el web y hasta que no sean modificadas v\u00e1lidamente por otras posteriores.<\/p><p>PROPIEDAD INTELECTUAL E INDUSTRIAL<\/p><p>NATALIE CAPELL por s\u00ed misma o como cesionaria, es titular de todos los derechos de propiedad intelectual e industrial de su p\u00e1gina web, as\u00ed como de los elementos contenidos en la misma (a t\u00edtulo enunciativo, im\u00e1genes, sonido, audio, v\u00eddeo, software o textos; marcas o logotipos, combinaciones de colores, estructura y dise\u00f1o, selecci\u00f3n de materiales usados, programas de ordenador necesarios para su funcionamiento, acceso y uso, etc.), titularidad de NATALIE CAPELL. Ser\u00e1n, por consiguiente, obras protegidas como propiedad intelectual por el ordenamiento jur\u00eddico espa\u00f1ol, si\u00e9ndoles aplicables tanto la normativa espa\u00f1ola y comunitaria en este campo, como los tratados internacionales relativos a la materia y suscritos por Espa\u00f1a.<\/p><p>Todos los derechos reservados. En virtud de lo dispuesto en la Ley de Propiedad Intelectual, quedan expresamente prohibidas la reproducci\u00f3n, la distribuci\u00f3n y la comunicaci\u00f3n p\u00fablica, incluida su modalidad de puesta a disposici\u00f3n, de la totalidad o parte de los contenidos de esta p\u00e1gina web, con fines comerciales, en cualquier soporte y por cualquier medio t\u00e9cnico, sin la autorizaci\u00f3n de NATALIE CAPELL.<\/p><p>El usuario se compromete a respetar los derechos de Propiedad Intelectual e Industrial titularidad de NATALIE CAPELL. Podr\u00e1 visualizar los elementos del portal e incluso imprimirlos, copiarlos y almacenarlos en el disco duro de su ordenador o en cualquier otro soporte f\u00edsico siempre y cuando sea, \u00fanica y exclusivamente, para su uso personal y privado. El usuario deber\u00e1 abstenerse de suprimir, alterar, eludir o manipular cualquier dispositivo de protecci\u00f3n o sistema de seguridad que estuviera instalado en las p\u00e1ginas de NATALIE CAPELL.<\/p><p>ACCIONES LEGALES, LEGISLACI\u00d3N APLICABLE Y JURISDICCI\u00d3N<\/p><p>NATALIE CAPELL se reserva, asimismo, la facultad de presentar las acciones civiles o penales que considere oportunas por la utilizaci\u00f3n indebida de su sitio web y contenidos, o por el incumplimiento de las presentes condiciones.<\/p><p>La relaci\u00f3n entre el usuario y el prestador se regir\u00e1 por la normativa vigente y de aplicaci\u00f3n en el territorio espa\u00f1ol. De surgir cualquier controversia las partes podr\u00e1n someter sus conflictos a arbitraje o acudir a la jurisdicci\u00f3n ordinaria cumpliendo con las normas sobre jurisdicci\u00f3n y competencia al respecto. NATALIE CAPELL tiene su domicilio en BARCELONA, Espa\u00f1a.<\/p><p>Los contratos celebrados por v\u00eda electr\u00f3nica en los que intervenga como parte un consumidor se presumir\u00e1n celebrados en el lugar en que \u00e9ste tenga su residencia habitual.<\/p><p>Los contratos electr\u00f3nicos entre empresarios o profesionales, en defecto de pacto entre las partes, se presumir\u00e1n celebrados en el lugar en que est\u00e9 establecido el prestador de servicios.<\/p><p>Resoluci\u00f3n de litigios en l\u00ednea conforme al Art. 14.1 del Reglamento (UE) 524\/2013: La Comisi\u00f3n Europea facilita una plataforma de resoluci\u00f3n de litigios en l\u00ednea, la cual se encuentra disponible en el siguiente enlace: https:\/\/ec.europa.eu\/consumers\/odr\/<\/p>\t\t\t\t\t\t\t\t<\/div>\n\t\t\t\t<\/div>\n\t\t\t\t\t<\/div>\n\t\t<\/div>\n\t\t\t\t\t<\/div>\n\t\t<\/section>\n\t\t\t\t<\/div>\n\t\t","protected":false},"excerpt":{"rendered":"<p>T\u00e9rminos y condiciones En cumplimiento de la Ley 34\/2002, de 11 de julio, de Servicios de la Sociedad de la Informaci\u00f3n y Comercio Electr\u00f3nico (LSSI- CE), NATALIE CAPELL le informa que es titular del sitio web. En cumplimiento del art\u00edculo 10 de dicha Ley, NATALIE CAPELL le facilita la siguiente informaci\u00f3n: RAZ\u00d3N SOCIAL: NATALIE CAPELLNIF: [&hellip;]<\/p>\n","protected":false},"author":13,"featured_media":0,"parent":0,"menu_order":0,"comment_status":"closed","ping_status":"closed","template":"elementor_header_footer","meta":{"_acf_changed":false,"site-sidebar-layout":"default","site-content-layout":"","ast-site-content-layout":"default","site-content-style":"default","site-sidebar-style":"default","ast-global-header-display":"","ast-banner-title-visibility":"","ast-main-header-display":"","ast-hfb-above-header-display":"","ast-hfb-below-header-display":"","ast-hfb-mobile-header-display":"","site-post-title":"","ast-breadcrumbs-content":"","ast-featured-img":"","footer-sml-layout":"","ast-disable-related-posts":"","theme-transparent-header-meta":"","adv-header-id-meta":"","stick-header-meta":"","header-above-stick-meta":"","header-main-stick-meta":"","header-below-stick-meta":"","astra-migrate-meta-layouts":"default","ast-page-background-enabled":"default","ast-page-background-meta":{"desktop":{"background-color":"var(--ast-global-color-4)","background-image":"","background-repeat":"repeat","background-position":"center center","background-size":"auto","background-attachment":"scroll","background-type":"","background-media":"","overlay-type":"","overlay-color":"","overlay-opacity":"","overlay-gradient":""},"tablet":{"background-color":"","background-image":"","background-repeat":"repeat","background-position":"center center","background-size":"auto","background-attachment":"scroll","background-type":"","background-media":"","overlay-type":"","overlay-color":"","overlay-opacity":"","overlay-gradient":""},"mobile":{"background-color":"","background-image":"","background-repeat":"repeat","background-position":"center center","background-size":"auto","background-attachment":"scroll","background-type":"","background-media":"","overlay-type":"","overlay-color":"","overlay-opacity":"","overlay-gradient":""}},"ast-content-background-meta":{"desktop":{"background-color":"var(--ast-global-color-5)","background-image":"","background-repeat":"repeat","background-position":"center center","background-size":"auto","background-attachment":"scroll","background-type":"","background-media":"","overlay-type":"","overlay-color":"","overlay-opacity":"","overlay-gradient":""},"tablet":{"background-color":"var(--ast-global-color-5)","background-image":"","background-repeat":"repeat","background-position":"center center","background-size":"auto","background-attachment":"scroll","background-type":"","background-media":"","overlay-type":"","overlay-color":"","overlay-opacity":"","overlay-gradient":""},"mobile":{"background-color":"var(--ast-global-color-5)","background-image":"","background-repeat":"repeat","background-position":"center center","background-size":"auto","background-attachment":"scroll","background-type":"","background-media":"","overlay-type":"","overlay-color":"","overlay-opacity":"","overlay-gradient":""}},"footnotes":""},"class_list":["post-517","page","type-page","status-publish","hentry"],"acf":[],"yoast_head":"<!-- This site is optimized with the Yoast SEO plugin v27.4 - https:\/\/yoast.com\/product\/yoast-seo-wordpress\/ -->\n<title>Terminos y Condiciones - Natalie Capell<\/title>\n<meta name=\"robots\" content=\"index, follow, max-snippet:-1, max-image-preview:large, max-video-preview:-1\" \/>\n<link rel=\"canonical\" href=\"https:\/\/nataliecapell.com\/es\/terminos-y-condiciones\/\" \/>\n<meta property=\"og:locale\" content=\"es_ES\" \/>\n<meta property=\"og:type\" content=\"article\" \/>\n<meta property=\"og:title\" content=\"Terminos y Condiciones - Natalie Capell\" \/>\n<meta property=\"og:description\" content=\"T\u00e9rminos y condiciones En cumplimiento de la Ley 34\/2002, de 11 de julio, de Servicios de la Sociedad de la Informaci\u00f3n y Comercio Electr\u00f3nico (LSSI- CE), NATALIE CAPELL le informa que es titular del sitio web. En cumplimiento del art\u00edculo 10 de dicha Ley, NATALIE CAPELL le facilita la siguiente informaci\u00f3n: RAZ\u00d3N SOCIAL: NATALIE CAPELLNIF: [&hellip;]\" \/>\n<meta property=\"og:url\" content=\"https:\/\/nataliecapell.com\/es\/terminos-y-condiciones\/\" \/>\n<meta property=\"og:site_name\" content=\"Natalie Capell\" \/>\n<meta property=\"article:modified_time\" content=\"2024-07-08T14:36:29+00:00\" \/>\n<meta name=\"twitter:card\" content=\"summary_large_image\" \/>\n<meta name=\"twitter:label1\" content=\"Tiempo de lectura\" \/>\n\t<meta name=\"twitter:data1\" content=\"5 minutos\" \/>\n<script type=\"application\/ld+json\" class=\"yoast-schema-graph\">{\"@context\":\"https:\\\/\\\/schema.org\",\"@graph\":[{\"@type\":\"WebPage\",\"@id\":\"https:\\\/\\\/nataliecapell.com\\\/es\\\/terminos-y-condiciones\\\/\",\"url\":\"https:\\\/\\\/nataliecapell.com\\\/es\\\/terminos-y-condiciones\\\/\",\"name\":\"Terminos y Condiciones - Natalie Capell\",\"isPartOf\":{\"@id\":\"https:\\\/\\\/nataliecapell.com\\\/#website\"},\"datePublished\":\"2020-09-01T10:53:01+00:00\",\"dateModified\":\"2024-07-08T14:36:29+00:00\",\"breadcrumb\":{\"@id\":\"https:\\\/\\\/nataliecapell.com\\\/es\\\/terminos-y-condiciones\\\/#breadcrumb\"},\"inLanguage\":\"es\",\"potentialAction\":[{\"@type\":\"ReadAction\",\"target\":[\"https:\\\/\\\/nataliecapell.com\\\/es\\\/terminos-y-condiciones\\\/\"]}]},{\"@type\":\"BreadcrumbList\",\"@id\":\"https:\\\/\\\/nataliecapell.com\\\/es\\\/terminos-y-condiciones\\\/#breadcrumb\",\"itemListElement\":[{\"@type\":\"ListItem\",\"position\":1,\"name\":\"Portada\",\"item\":\"https:\\\/\\\/nataliecapell.com\\\/es\\\/\"},{\"@type\":\"ListItem\",\"position\":2,\"name\":\"Terminos y Condiciones\"}]},{\"@type\":\"WebSite\",\"@id\":\"https:\\\/\\\/nataliecapell.com\\\/#website\",\"url\":\"https:\\\/\\\/nataliecapell.com\\\/\",\"name\":\"Natalie Capell\",\"description\":\"\",\"publisher\":{\"@id\":\"https:\\\/\\\/nataliecapell.com\\\/#organization\"},\"potentialAction\":[{\"@type\":\"SearchAction\",\"target\":{\"@type\":\"EntryPoint\",\"urlTemplate\":\"https:\\\/\\\/nataliecapell.com\\\/?s={search_term_string}\"},\"query-input\":{\"@type\":\"PropertyValueSpecification\",\"valueRequired\":true,\"valueName\":\"search_term_string\"}}],\"inLanguage\":\"es\"},{\"@type\":\"Organization\",\"@id\":\"https:\\\/\\\/nataliecapell.com\\\/#organization\",\"name\":\"Natalie Capell\",\"url\":\"https:\\\/\\\/nataliecapell.com\\\/\",\"logo\":{\"@type\":\"ImageObject\",\"inLanguage\":\"es\",\"@id\":\"https:\\\/\\\/nataliecapell.com\\\/#\\\/schema\\\/logo\\\/image\\\/\",\"url\":\"https:\\\/\\\/nataliecapell.com\\\/wp-content\\\/uploads\\\/2023\\\/12\\\/Captura-de-pantalla-2023-12-14-a-las-23.28.13-1-e1707819988835.png\",\"contentUrl\":\"https:\\\/\\\/nataliecapell.com\\\/wp-content\\\/uploads\\\/2023\\\/12\\\/Captura-de-pantalla-2023-12-14-a-las-23.28.13-1-e1707819988835.png\",\"width\":552,\"height\":107,\"caption\":\"Natalie Capell\"},\"image\":{\"@id\":\"https:\\\/\\\/nataliecapell.com\\\/#\\\/schema\\\/logo\\\/image\\\/\"}}]}<\/script>\n<!-- \/ Yoast SEO plugin. -->","yoast_head_json":{"title":"Terminos y Condiciones - Natalie Capell","robots":{"index":"index","follow":"follow","max-snippet":"max-snippet:-1","max-image-preview":"max-image-preview:large","max-video-preview":"max-video-preview:-1"},"canonical":"https:\/\/nataliecapell.com\/es\/terminos-y-condiciones\/","og_locale":"es_ES","og_type":"article","og_title":"Terminos y Condiciones - Natalie Capell","og_description":"T\u00e9rminos y condiciones En cumplimiento de la Ley 34\/2002, de 11 de julio, de Servicios de la Sociedad de la Informaci\u00f3n y Comercio Electr\u00f3nico (LSSI- CE), NATALIE CAPELL le informa que es titular del sitio web. En cumplimiento del art\u00edculo 10 de dicha Ley, NATALIE CAPELL le facilita la siguiente informaci\u00f3n: RAZ\u00d3N SOCIAL: NATALIE CAPELLNIF: [&hellip;]","og_url":"https:\/\/nataliecapell.com\/es\/terminos-y-condiciones\/","og_site_name":"Natalie Capell","article_modified_time":"2024-07-08T14:36:29+00:00","twitter_card":"summary_large_image","twitter_misc":{"Tiempo de lectura":"5 minutos"},"schema":{"@context":"https:\/\/schema.org","@graph":[{"@type":"WebPage","@id":"https:\/\/nataliecapell.com\/es\/terminos-y-condiciones\/","url":"https:\/\/nataliecapell.com\/es\/terminos-y-condiciones\/","name":"Terminos y Condiciones - Natalie Capell","isPartOf":{"@id":"https:\/\/nataliecapell.com\/#website"},"datePublished":"2020-09-01T10:53:01+00:00","dateModified":"2024-07-08T14:36:29+00:00","breadcrumb":{"@id":"https:\/\/nataliecapell.com\/es\/terminos-y-condiciones\/#breadcrumb"},"inLanguage":"es","potentialAction":[{"@type":"ReadAction","target":["https:\/\/nataliecapell.com\/es\/terminos-y-condiciones\/"]}]},{"@type":"BreadcrumbList","@id":"https:\/\/nataliecapell.com\/es\/terminos-y-condiciones\/#breadcrumb","itemListElement":[{"@type":"ListItem","position":1,"name":"Portada","item":"https:\/\/nataliecapell.com\/es\/"},{"@type":"ListItem","position":2,"name":"Terminos y Condiciones"}]},{"@type":"WebSite","@id":"https:\/\/nataliecapell.com\/#website","url":"https:\/\/nataliecapell.com\/","name":"Natalie Capell","description":"","publisher":{"@id":"https:\/\/nataliecapell.com\/#organization"},"potentialAction":[{"@type":"SearchAction","target":{"@type":"EntryPoint","urlTemplate":"https:\/\/nataliecapell.com\/?s={search_term_string}"},"query-input":{"@type":"PropertyValueSpecification","valueRequired":true,"valueName":"search_term_string"}}],"inLanguage":"es"},{"@type":"Organization","@id":"https:\/\/nataliecapell.com\/#organization","name":"Natalie Capell","url":"https:\/\/nataliecapell.com\/","logo":{"@type":"ImageObject","inLanguage":"es","@id":"https:\/\/nataliecapell.com\/#\/schema\/logo\/image\/","url":"https:\/\/nataliecapell.com\/wp-content\/uploads\/2023\/12\/Captura-de-pantalla-2023-12-14-a-las-23.28.13-1-e1707819988835.png","contentUrl":"https:\/\/nataliecapell.com\/wp-content\/uploads\/2023\/12\/Captura-de-pantalla-2023-12-14-a-las-23.28.13-1-e1707819988835.png","width":552,"height":107,"caption":"Natalie Capell"},"image":{"@id":"https:\/\/nataliecapell.com\/#\/schema\/logo\/image\/"}}]}},"_links":{"self":[{"href":"https:\/\/nataliecapell.com\/es\/wp-json\/wp\/v2\/pages\/517","targetHints":{"allow":["GET"]}}],"collection":[{"href":"https:\/\/nataliecapell.com\/es\/wp-json\/wp\/v2\/pages"}],"about":[{"href":"https:\/\/nataliecapell.com\/es\/wp-json\/wp\/v2\/types\/page"}],"author":[{"embeddable":true,"href":"https:\/\/nataliecapell.com\/es\/wp-json\/wp\/v2\/users\/13"}],"replies":[{"embeddable":true,"href":"https:\/\/nataliecapell.com\/es\/wp-json\/wp\/v2\/comments?post=517"}],"version-history":[{"count":37,"href":"https:\/\/nataliecapell.com\/es\/wp-json\/wp\/v2\/pages\/517\/revisions"}],"predecessor-version":[{"id":5523,"href":"https:\/\/nataliecapell.com\/es\/wp-json\/wp\/v2\/pages\/517\/revisions\/5523"}],"wp:attachment":[{"href":"https:\/\/nataliecapell.com\/es\/wp-json\/wp\/v2\/media?parent=517"}],"curies":[{"name":"wp","href":"https:\/\/api.w.org\/{rel}","templated":true}]}}