{"id":1667,"date":"2023-12-19T18:27:27","date_gmt":"2023-12-19T18:27:27","guid":{"rendered":"https:\/\/nataliecapell.com\/?page_id=1667"},"modified":"2024-02-26T10:29:48","modified_gmt":"2024-02-26T10:29:48","slug":"gracias-2","status":"publish","type":"page","link":"https:\/\/nataliecapell.com\/es\/gracias-2\/","title":{"rendered":"Gracias"},"content":{"rendered":"\t\t<div data-elementor-type=\"wp-page\" data-elementor-id=\"1667\" class=\"elementor elementor-1667 elementor-1653\" data-elementor-post-type=\"page\">\n\t\t\t\t\t\t<section class=\"elementor-section elementor-top-section elementor-element elementor-element-afdc41a elementor-section-boxed elementor-section-height-default elementor-section-height-default\" data-id=\"afdc41a\" data-element_type=\"section\" data-e-type=\"section\">\n\t\t\t\t\t\t<div class=\"elementor-container elementor-column-gap-default\">\n\t\t\t\t\t<div class=\"elementor-column elementor-col-100 elementor-top-column elementor-element elementor-element-0627879\" data-id=\"0627879\" data-element_type=\"column\" data-e-type=\"column\">\n\t\t\t<div class=\"elementor-widget-wrap elementor-element-populated\">\n\t\t\t\t\t\t<div class=\"elementor-element elementor-element-fd2326a elementor-widget elementor-widget-video\" data-id=\"fd2326a\" data-element_type=\"widget\" data-e-type=\"widget\" data-settings=\"{&quot;video_type&quot;:&quot;hosted&quot;,&quot;autoplay&quot;:&quot;yes&quot;,&quot;start&quot;:0,&quot;play_on_mobile&quot;:&quot;yes&quot;,&quot;mute&quot;:&quot;yes&quot;,&quot;loop&quot;:&quot;yes&quot;}\" data-widget_type=\"video.default\">\n\t\t\t\t<div class=\"elementor-widget-container\">\n\t\t\t\t\t\t\t<div class=\"e-hosted-video elementor-wrapper elementor-open-inline\">\n\t\t\t\t\t<video class=\"elementor-video\" src=\"https:\/\/nataliecapell.com\/wp-content\/uploads\/2020\/09\/natalie-capel-video-3.mp4\" autoplay=\"\" loop=\"\" muted=\"muted\" playsinline=\"\" controlsList=\"nodownload\"><\/video>\n\t\t\t\t<\/div>\n\t\t\t\t\t\t<\/div>\n\t\t\t\t<\/div>\n\t\t\t\t\t<\/div>\n\t\t<\/div>\n\t\t\t\t\t<\/div>\n\t\t<\/section>\n\t\t\t\t<section class=\"elementor-section elementor-top-section elementor-element elementor-element-c4c1831 elementor-section-boxed elementor-section-height-default elementor-section-height-default\" data-id=\"c4c1831\" data-element_type=\"section\" data-e-type=\"section\">\n\t\t\t\t\t\t<div class=\"elementor-container elementor-column-gap-default\">\n\t\t\t\t\t<div class=\"elementor-column elementor-col-100 elementor-top-column elementor-element elementor-element-275fba4\" data-id=\"275fba4\" data-element_type=\"column\" data-e-type=\"column\">\n\t\t\t<div class=\"elementor-widget-wrap elementor-element-populated\">\n\t\t\t\t\t\t<div class=\"elementor-element elementor-element-395845b elementor-widget elementor-widget-text-editor\" data-id=\"395845b\" data-element_type=\"widget\" data-e-type=\"widget\" data-widget_type=\"text-editor.default\">\n\t\t\t\t<div class=\"elementor-widget-container\">\n\t\t\t\t\t\t\t\t\t<p>Estoy agradecido<br \/>Por cada mujer que entr\u00f3 en mi mundo,<br \/>que eligi\u00f3 llevar un vestido, ser ella misma, libre, real, natural, \u00fanica.<br \/>A las mujeres que supieron sentir el amor y la devoci\u00f3n con que se confeccion\u00f3 su vestido.<br \/>Que supo ver los detalles y la precisi\u00f3n del trabajo manual, y ver la intenci\u00f3n de la artesan\u00eda y la esencia que lleva cada material.<br \/>Y quien supo apreciar una prenda que fue hecha especialmente para ella, y llevar una parte de mi, del amor y la luz que soy.<br \/>Gracias, a todos y cada uno de vosotros por crear un mundo conmigo.<\/p><p>Doy las gracias a<br \/>Todos los artistas apasionados,<br \/>Los magos y hadas que caminaron conmigo durante este viaje codo con codo, tanto en momentos cortos como largos,<br \/>Y me encantaron con materiales y compartieron su devoci\u00f3n por la creaci\u00f3n y la magia.<br \/>Muchas gracias a todos y cada uno de vosotros por so\u00f1ar conmigo.<\/p><p>Estoy agradecida por la vida<br \/>que brota como formas milagrosas,<br \/>a trav\u00e9s de l\u00edneas y materiales, y me permite abrazar y estar presente con gran amor, y expresarme m\u00e1s de lo que s\u00e9 con palabras.<\/p><p>Gracias<\/p><p>Photografer Catalog:\u00a0<a href=\"https:\/\/www.instagram.com\/dayvera\/?hl=es\" target=\"_blank\" rel=\"noopener\">@dayvera Photography<\/a><br \/>styling artist:\u00a0<a href=\"https:\/\/www.instagram.com\/sylvia_bonet\/?hl=es\" target=\"_blank\" rel=\"noopener\">@sylvia_bonet<\/a><br \/>makeup and hair artist:\u00a0<a href=\"https:\/\/www.instagram.com\/estrellaelorduy\/?hl=es\" target=\"_blank\" rel=\"noopener\">@estrellaelorduy<\/a><br \/>model:\u00a0<a href=\"https:\/\/www.instagram.com\/gala_prats\/?hl=es\" target=\"_blank\" rel=\"noopener\">@gala_prats<\/a><br \/>model:\u00a0<a href=\"https:\/\/www.instagram.com\/alexiacarrionn\/\" target=\"_blank\" rel=\"noopener\">@alexiacarrionn<\/a><\/p>\t\t\t\t\t\t\t\t<\/div>\n\t\t\t\t<\/div>\n\t\t\t\t\t<\/div>\n\t\t<\/div>\n\t\t\t\t\t<\/div>\n\t\t<\/section>\n\t\t\t\t<section class=\"elementor-section elementor-top-section elementor-element elementor-element-2ac865c elementor-section-boxed elementor-section-height-default elementor-section-height-default\" data-id=\"2ac865c\" data-element_type=\"section\" data-e-type=\"section\">\n\t\t\t\t\t\t<div class=\"elementor-container elementor-column-gap-default\">\n\t\t\t\t\t<div class=\"elementor-column elementor-col-100 elementor-top-column elementor-element elementor-element-e1cb0c6\" data-id=\"e1cb0c6\" data-element_type=\"column\" data-e-type=\"column\">\n\t\t\t<div class=\"elementor-widget-wrap elementor-element-populated\">\n\t\t\t\t\t\t<div class=\"elementor-element elementor-element-0cf6606 elementor-widget elementor-widget-spacer\" data-id=\"0cf6606\" data-element_type=\"widget\" data-e-type=\"widget\" data-widget_type=\"spacer.default\">\n\t\t\t\t<div class=\"elementor-widget-container\">\n\t\t\t\t\t\t\t<div class=\"elementor-spacer\">\n\t\t\t<div class=\"elementor-spacer-inner\"><\/div>\n\t\t<\/div>\n\t\t\t\t\t\t<\/div>\n\t\t\t\t<\/div>\n\t\t\t\t\t<\/div>\n\t\t<\/div>\n\t\t\t\t\t<\/div>\n\t\t<\/section>\n\t\t\t\t<\/div>\n\t\t","protected":false},"excerpt":{"rendered":"<p>https:\/\/nataliecapell.com\/wp-content\/uploads\/2020\/09\/natalie-capel-video-3.mp4 Estoy agradecidoPor cada mujer que entr\u00f3 en mi mundo,que eligi\u00f3 llevar un vestido, ser ella misma, libre, real, natural, \u00fanica.A las mujeres que supieron sentir el amor y la devoci\u00f3n con que se confeccion\u00f3 su vestido.Que supo ver los detalles y la precisi\u00f3n del trabajo manual, y ver la intenci\u00f3n de la artesan\u00eda y [&hellip;]<\/p>\n","protected":false},"author":13,"featured_media":0,"parent":0,"menu_order":0,"comment_status":"closed","ping_status":"closed","template":"","meta":{"_acf_changed":false,"site-sidebar-layout":"no-sidebar","site-content-layout":"","ast-site-content-layout":"full-width-container","site-content-style":"default","site-sidebar-style":"default","ast-global-header-display":"","ast-banner-title-visibility":"","ast-main-header-display":"","ast-hfb-above-header-display":"","ast-hfb-below-header-display":"","ast-hfb-mobile-header-display":"","site-post-title":"disabled","ast-breadcrumbs-content":"","ast-featured-img":"disabled","footer-sml-layout":"","ast-disable-related-posts":"","theme-transparent-header-meta":"","adv-header-id-meta":"","stick-header-meta":"","header-above-stick-meta":"","header-main-stick-meta":"","header-below-stick-meta":"","astra-migrate-meta-layouts":"default","ast-page-background-enabled":"default","ast-page-background-meta":{"desktop":{"background-color":"var(--ast-global-color-4)","background-image":"","background-repeat":"repeat","background-position":"center center","background-size":"auto","background-attachment":"scroll","background-type":"","background-media":"","overlay-type":"","overlay-color":"","overlay-opacity":"","overlay-gradient":""},"tablet":{"background-color":"","background-image":"","background-repeat":"repeat","background-position":"center center","background-size":"auto","background-attachment":"scroll","background-type":"","background-media":"","overlay-type":"","overlay-color":"","overlay-opacity":"","overlay-gradient":""},"mobile":{"background-color":"","background-image":"","background-repeat":"repeat","background-position":"center center","background-size":"auto","background-attachment":"scroll","background-type":"","background-media":"","overlay-type":"","overlay-color":"","overlay-opacity":"","overlay-gradient":""}},"ast-content-background-meta":{"desktop":{"background-color":"var(--ast-global-color-5)","background-image":"","background-repeat":"repeat","background-position":"center center","background-size":"auto","background-attachment":"scroll","background-type":"","background-media":"","overlay-type":"","overlay-color":"","overlay-opacity":"","overlay-gradient":""},"tablet":{"background-color":"var(--ast-global-color-5)","background-image":"","background-repeat":"repeat","background-position":"center center","background-size":"auto","background-attachment":"scroll","background-type":"","background-media":"","overlay-type":"","overlay-color":"","overlay-opacity":"","overlay-gradient":""},"mobile":{"background-color":"var(--ast-global-color-5)","background-image":"","background-repeat":"repeat","background-position":"center center","background-size":"auto","background-attachment":"scroll","background-type":"","background-media":"","overlay-type":"","overlay-color":"","overlay-opacity":"","overlay-gradient":""}},"footnotes":""},"class_list":["post-1667","page","type-page","status-publish","hentry"],"acf":[],"yoast_head":"<!-- This site is optimized with the Yoast SEO plugin v27.4 - https:\/\/yoast.com\/product\/yoast-seo-wordpress\/ -->\n<title>Gracias - Natalie Capell<\/title>\n<meta name=\"robots\" content=\"index, follow, max-snippet:-1, max-image-preview:large, max-video-preview:-1\" \/>\n<link rel=\"canonical\" href=\"https:\/\/nataliecapell.com\/thank-you\/\" \/>\n<meta property=\"og:locale\" content=\"es_ES\" \/>\n<meta property=\"og:type\" content=\"article\" \/>\n<meta property=\"og:title\" content=\"Gracias - Natalie Capell\" \/>\n<meta property=\"og:description\" content=\"https:\/\/nataliecapell.com\/wp-content\/uploads\/2020\/09\/natalie-capel-video-3.mp4 Estoy agradecidoPor cada mujer que entr\u00f3 en mi mundo,que eligi\u00f3 llevar un vestido, ser ella misma, libre, real, natural, \u00fanica.A las mujeres que supieron sentir el amor y la devoci\u00f3n con que se confeccion\u00f3 su vestido.Que supo ver los detalles y la precisi\u00f3n del trabajo manual, y ver la intenci\u00f3n de la artesan\u00eda y [&hellip;]\" \/>\n<meta property=\"og:url\" content=\"https:\/\/nataliecapell.com\/thank-you\/\" \/>\n<meta property=\"og:site_name\" content=\"Natalie Capell\" \/>\n<meta property=\"article:modified_time\" content=\"2024-02-26T10:29:48+00:00\" \/>\n<meta name=\"twitter:card\" content=\"summary_large_image\" \/>\n<meta name=\"twitter:label1\" content=\"Tiempo de lectura\" \/>\n\t<meta name=\"twitter:data1\" content=\"1 minuto\" \/>\n<script type=\"application\/ld+json\" class=\"yoast-schema-graph\">{\"@context\":\"https:\\\/\\\/schema.org\",\"@graph\":[{\"@type\":\"WebPage\",\"@id\":\"https:\\\/\\\/nataliecapell.com\\\/thank-you\\\/\",\"url\":\"https:\\\/\\\/nataliecapell.com\\\/thank-you\\\/\",\"name\":\"Gracias - Natalie Capell\",\"isPartOf\":{\"@id\":\"https:\\\/\\\/nataliecapell.com\\\/#website\"},\"datePublished\":\"2023-12-19T18:27:27+00:00\",\"dateModified\":\"2024-02-26T10:29:48+00:00\",\"breadcrumb\":{\"@id\":\"https:\\\/\\\/nataliecapell.com\\\/thank-you\\\/#breadcrumb\"},\"inLanguage\":\"es\",\"potentialAction\":[{\"@type\":\"ReadAction\",\"target\":[\"https:\\\/\\\/nataliecapell.com\\\/thank-you\\\/\"]}]},{\"@type\":\"BreadcrumbList\",\"@id\":\"https:\\\/\\\/nataliecapell.com\\\/thank-you\\\/#breadcrumb\",\"itemListElement\":[{\"@type\":\"ListItem\",\"position\":1,\"name\":\"Portada\",\"item\":\"https:\\\/\\\/nataliecapell.com\\\/es\\\/\"},{\"@type\":\"ListItem\",\"position\":2,\"name\":\"Gracias\"}]},{\"@type\":\"WebSite\",\"@id\":\"https:\\\/\\\/nataliecapell.com\\\/#website\",\"url\":\"https:\\\/\\\/nataliecapell.com\\\/\",\"name\":\"Natalie Capell\",\"description\":\"\",\"publisher\":{\"@id\":\"https:\\\/\\\/nataliecapell.com\\\/#organization\"},\"potentialAction\":[{\"@type\":\"SearchAction\",\"target\":{\"@type\":\"EntryPoint\",\"urlTemplate\":\"https:\\\/\\\/nataliecapell.com\\\/?s={search_term_string}\"},\"query-input\":{\"@type\":\"PropertyValueSpecification\",\"valueRequired\":true,\"valueName\":\"search_term_string\"}}],\"inLanguage\":\"es\"},{\"@type\":\"Organization\",\"@id\":\"https:\\\/\\\/nataliecapell.com\\\/#organization\",\"name\":\"Natalie Capell\",\"url\":\"https:\\\/\\\/nataliecapell.com\\\/\",\"logo\":{\"@type\":\"ImageObject\",\"inLanguage\":\"es\",\"@id\":\"https:\\\/\\\/nataliecapell.com\\\/#\\\/schema\\\/logo\\\/image\\\/\",\"url\":\"https:\\\/\\\/nataliecapell.com\\\/wp-content\\\/uploads\\\/2023\\\/12\\\/Captura-de-pantalla-2023-12-14-a-las-23.28.13-1-e1707819988835.png\",\"contentUrl\":\"https:\\\/\\\/nataliecapell.com\\\/wp-content\\\/uploads\\\/2023\\\/12\\\/Captura-de-pantalla-2023-12-14-a-las-23.28.13-1-e1707819988835.png\",\"width\":552,\"height\":107,\"caption\":\"Natalie Capell\"},\"image\":{\"@id\":\"https:\\\/\\\/nataliecapell.com\\\/#\\\/schema\\\/logo\\\/image\\\/\"}}]}<\/script>\n<!-- \/ Yoast SEO plugin. -->","yoast_head_json":{"title":"Gracias - Natalie Capell","robots":{"index":"index","follow":"follow","max-snippet":"max-snippet:-1","max-image-preview":"max-image-preview:large","max-video-preview":"max-video-preview:-1"},"canonical":"https:\/\/nataliecapell.com\/thank-you\/","og_locale":"es_ES","og_type":"article","og_title":"Gracias - Natalie Capell","og_description":"https:\/\/nataliecapell.com\/wp-content\/uploads\/2020\/09\/natalie-capel-video-3.mp4 Estoy agradecidoPor cada mujer que entr\u00f3 en mi mundo,que eligi\u00f3 llevar un vestido, ser ella misma, libre, real, natural, \u00fanica.A las mujeres que supieron sentir el amor y la devoci\u00f3n con que se confeccion\u00f3 su vestido.Que supo ver los detalles y la precisi\u00f3n del trabajo manual, y ver la intenci\u00f3n de la artesan\u00eda y [&hellip;]","og_url":"https:\/\/nataliecapell.com\/thank-you\/","og_site_name":"Natalie Capell","article_modified_time":"2024-02-26T10:29:48+00:00","twitter_card":"summary_large_image","twitter_misc":{"Tiempo de lectura":"1 minuto"},"schema":{"@context":"https:\/\/schema.org","@graph":[{"@type":"WebPage","@id":"https:\/\/nataliecapell.com\/thank-you\/","url":"https:\/\/nataliecapell.com\/thank-you\/","name":"Gracias - Natalie Capell","isPartOf":{"@id":"https:\/\/nataliecapell.com\/#website"},"datePublished":"2023-12-19T18:27:27+00:00","dateModified":"2024-02-26T10:29:48+00:00","breadcrumb":{"@id":"https:\/\/nataliecapell.com\/thank-you\/#breadcrumb"},"inLanguage":"es","potentialAction":[{"@type":"ReadAction","target":["https:\/\/nataliecapell.com\/thank-you\/"]}]},{"@type":"BreadcrumbList","@id":"https:\/\/nataliecapell.com\/thank-you\/#breadcrumb","itemListElement":[{"@type":"ListItem","position":1,"name":"Portada","item":"https:\/\/nataliecapell.com\/es\/"},{"@type":"ListItem","position":2,"name":"Gracias"}]},{"@type":"WebSite","@id":"https:\/\/nataliecapell.com\/#website","url":"https:\/\/nataliecapell.com\/","name":"Natalie Capell","description":"","publisher":{"@id":"https:\/\/nataliecapell.com\/#organization"},"potentialAction":[{"@type":"SearchAction","target":{"@type":"EntryPoint","urlTemplate":"https:\/\/nataliecapell.com\/?s={search_term_string}"},"query-input":{"@type":"PropertyValueSpecification","valueRequired":true,"valueName":"search_term_string"}}],"inLanguage":"es"},{"@type":"Organization","@id":"https:\/\/nataliecapell.com\/#organization","name":"Natalie Capell","url":"https:\/\/nataliecapell.com\/","logo":{"@type":"ImageObject","inLanguage":"es","@id":"https:\/\/nataliecapell.com\/#\/schema\/logo\/image\/","url":"https:\/\/nataliecapell.com\/wp-content\/uploads\/2023\/12\/Captura-de-pantalla-2023-12-14-a-las-23.28.13-1-e1707819988835.png","contentUrl":"https:\/\/nataliecapell.com\/wp-content\/uploads\/2023\/12\/Captura-de-pantalla-2023-12-14-a-las-23.28.13-1-e1707819988835.png","width":552,"height":107,"caption":"Natalie Capell"},"image":{"@id":"https:\/\/nataliecapell.com\/#\/schema\/logo\/image\/"}}]}},"_links":{"self":[{"href":"https:\/\/nataliecapell.com\/es\/wp-json\/wp\/v2\/pages\/1667","targetHints":{"allow":["GET"]}}],"collection":[{"href":"https:\/\/nataliecapell.com\/es\/wp-json\/wp\/v2\/pages"}],"about":[{"href":"https:\/\/nataliecapell.com\/es\/wp-json\/wp\/v2\/types\/page"}],"author":[{"embeddable":true,"href":"https:\/\/nataliecapell.com\/es\/wp-json\/wp\/v2\/users\/13"}],"replies":[{"embeddable":true,"href":"https:\/\/nataliecapell.com\/es\/wp-json\/wp\/v2\/comments?post=1667"}],"version-history":[{"count":19,"href":"https:\/\/nataliecapell.com\/es\/wp-json\/wp\/v2\/pages\/1667\/revisions"}],"predecessor-version":[{"id":4002,"href":"https:\/\/nataliecapell.com\/es\/wp-json\/wp\/v2\/pages\/1667\/revisions\/4002"}],"wp:attachment":[{"href":"https:\/\/nataliecapell.com\/es\/wp-json\/wp\/v2\/media?parent=1667"}],"curies":[{"name":"wp","href":"https:\/\/api.w.org\/{rel}","templated":true}]}}